{"id":1395,"date":"2025-10-30T20:55:01","date_gmt":"2025-10-30T20:55:01","guid":{"rendered":"https:\/\/popmoneri.com\/sobre-nosotros\/"},"modified":"2026-01-05T16:59:14","modified_gmt":"2026-01-05T16:59:14","slug":"sobre-nosotros","status":"publish","type":"page","link":"https:\/\/popmoneri.com\/es\/sobre-nosotros\/","title":{"rendered":"Sobre nosotros"},"content":{"rendered":"\t\t<div data-elementor-type=\"wp-page\" data-elementor-id=\"1395\" class=\"elementor elementor-1395 elementor-278\" data-elementor-post-type=\"page\">\n\t\t\t\t<div class=\"elementor-element elementor-element-47b6884 e-flex e-con-boxed e-con e-parent\" data-id=\"47b6884\" data-element_type=\"container\" data-e-type=\"container\" data-settings=\"{&quot;ekit_has_onepagescroll_dot&quot;:&quot;yes&quot;}\">\n\t\t\t\t\t<div class=\"e-con-inner\">\n\t\t\t\t<div class=\"elementor-element elementor-element-ecb3613 elementor-widget elementor-widget-heading\" data-id=\"ecb3613\" data-element_type=\"widget\" data-e-type=\"widget\" data-settings=\"{&quot;ekit_we_effect_on&quot;:&quot;none&quot;}\" data-widget_type=\"heading.default\">\n\t\t\t\t\t<h2 class=\"elementor-heading-title elementor-size-default\">Sobre nosotros<\/h2>\t\t\t\t<\/div>\n\t\t\t\t\t<\/div>\n\t\t\t\t<\/div>\n\t\t<div class=\"elementor-element elementor-element-1bc2dc7 e-flex e-con-boxed e-con e-parent\" data-id=\"1bc2dc7\" data-element_type=\"container\" data-e-type=\"container\" data-settings=\"{&quot;ekit_has_onepagescroll_dot&quot;:&quot;yes&quot;}\">\n\t\t\t\t\t<div class=\"e-con-inner\">\n\t\t<div class=\"elementor-element elementor-element-e74579d e-con-full e-flex e-con e-child\" data-id=\"e74579d\" data-element_type=\"container\" data-e-type=\"container\" data-settings=\"{&quot;ekit_has_onepagescroll_dot&quot;:&quot;yes&quot;}\">\n\t\t\t\t<div class=\"elementor-element elementor-element-1da33b5 elementor-widget elementor-widget-text-editor\" data-id=\"1da33b5\" data-element_type=\"widget\" data-e-type=\"widget\" data-settings=\"{&quot;ekit_we_effect_on&quot;:&quot;none&quot;}\" data-widget_type=\"text-editor.default\">\n\t\t\t\t\t\t\t\t\t<p>En Popmoneri, nos dedicamos a crear una experiencia vacacional inolvidable en Curazao. \u00bfQu\u00e9 nos diferencia de otros arrendadores? Nuestra hospitalidad, dedicaci\u00f3n para que los hu\u00e9spedes disfruten al m\u00e1ximo de sus vacaciones y un servicio personalizado en el que nuestra anfitriona est\u00e1 siempre disponible. Popmoneri surgi\u00f3 del encuentro de Popko y Virginia, impulsado por la ambici\u00f3n y la convicci\u00f3n de que juntos podemos lograr un gran \u00e9xito. Nuestros valores fundamentales giran en torno a ofrecer una estancia \u00f3ptima y sin preocupaciones, donde los hu\u00e9spedes se sientan bienvenidos y como en casa. Desde la recogida en el aeropuerto hasta la organizaci\u00f3n de toallas limpias y art\u00edculos para beb\u00e9s, nos encargamos de todas las preocupaciones.<\/p>\t\t\t\t\t\t\t\t<\/div>\n\t\t\t\t<\/div>\n\t\t<div class=\"elementor-element elementor-element-171aaa5 e-con-full e-flex e-con e-child\" data-id=\"171aaa5\" data-element_type=\"container\" data-e-type=\"container\" data-settings=\"{&quot;ekit_has_onepagescroll_dot&quot;:&quot;yes&quot;}\">\n\t\t\t\t<div class=\"elementor-element elementor-element-80aa250 elementor-widget elementor-widget-image\" data-id=\"80aa250\" data-element_type=\"widget\" data-e-type=\"widget\" data-settings=\"{&quot;ekit_we_effect_on&quot;:&quot;none&quot;}\" data-widget_type=\"image.default\">\n\t\t\t\t\t\t\t\t\t\t\t\t\t\t\t<img fetchpriority=\"high\" decoding=\"async\" width=\"200\" height=\"300\" src=\"https:\/\/popmoneri.com\/wp-content\/uploads\/2025\/10\/pasted-image-wed-jul-09-2025-15-15-18-gmt-0400-bolivia-time-high-200x300.webp\" class=\"attachment-medium size-medium wp-image-1397\" alt=\"\" srcset=\"https:\/\/popmoneri.com\/wp-content\/uploads\/2025\/10\/pasted-image-wed-jul-09-2025-15-15-18-gmt-0400-bolivia-time-high-200x300.webp 200w, https:\/\/popmoneri.com\/wp-content\/uploads\/2025\/10\/pasted-image-wed-jul-09-2025-15-15-18-gmt-0400-bolivia-time-high-712x1068.webp 712w, https:\/\/popmoneri.com\/wp-content\/uploads\/2025\/10\/pasted-image-wed-jul-09-2025-15-15-18-gmt-0400-bolivia-time-high-683x1024.webp 683w, https:\/\/popmoneri.com\/wp-content\/uploads\/2025\/10\/pasted-image-wed-jul-09-2025-15-15-18-gmt-0400-bolivia-time-high-768x1152.webp 768w, https:\/\/popmoneri.com\/wp-content\/uploads\/2025\/10\/pasted-image-wed-jul-09-2025-15-15-18-gmt-0400-bolivia-time-high.webp 903w\" sizes=\"(max-width: 200px) 100vw, 200px\" \/>\t\t\t\t\t\t\t\t\t\t\t\t\t\t\t<\/div>\n\t\t\t\t<\/div>\n\t\t\t\t\t<\/div>\n\t\t\t\t<\/div>\n\t\t<div class=\"elementor-element elementor-element-65519c7 e-flex e-con-boxed e-con e-parent\" data-id=\"65519c7\" data-element_type=\"container\" data-e-type=\"container\" data-settings=\"{&quot;background_background&quot;:&quot;classic&quot;,&quot;ekit_has_onepagescroll_dot&quot;:&quot;yes&quot;}\">\n\t\t\t\t\t<div class=\"e-con-inner\">\n\t\t\t\t<div class=\"elementor-element elementor-element-82e166d elementor-widget elementor-widget-heading\" data-id=\"82e166d\" data-element_type=\"widget\" data-e-type=\"widget\" data-settings=\"{&quot;ekit_we_effect_on&quot;:&quot;none&quot;}\" data-widget_type=\"heading.default\">\n\t\t\t\t\t<h2 class=\"elementor-heading-title elementor-size-default\">Sus vacaciones sin preocupaciones comienzan aqu\u00ed<\/h2>\t\t\t\t<\/div>\n\t\t\t\t<div class=\"elementor-element elementor-element-6857bc9 elementor-widget elementor-widget-text-editor\" data-id=\"6857bc9\" data-element_type=\"widget\" data-e-type=\"widget\" data-settings=\"{&quot;ekit_we_effect_on&quot;:&quot;none&quot;}\" data-widget_type=\"text-editor.default\">\n\t\t\t\t\t\t\t\t\t<p>Reserve hoy mismo su estancia en Popmoneri y experimente Curazao sin preocupaciones. Perm\u00edtanos hacer que sus vacaciones sean inolvidables con nuestro servicio personalizado y dedicaci\u00f3n a su comodidad. \u00a1Descubra las posibilidades y si\u00e9ntase bienvenido en su hogar temporal!<\/p>\t\t\t\t\t\t\t\t<\/div>\n\t\t\t\t\t<\/div>\n\t\t\t\t<\/div>\n\t\t\t\t<\/div>\n\t\t","protected":false},"excerpt":{"rendered":"<p>Sobre nosotros En Popmoneri, nos dedicamos a crear una experiencia vacacional inolvidable en Curazao. \u00bfQu\u00e9 nos diferencia de otros arrendadores? Nuestra hospitalidad, dedicaci\u00f3n para que los hu\u00e9spedes disfruten al m\u00e1ximo de sus vacaciones y un servicio personalizado en el que nuestra anfitriona est\u00e1 siempre disponible. Popmoneri surgi\u00f3 del encuentro de Popko y Virginia, impulsado por [&hellip;]<\/p>\n","protected":false},"author":1,"featured_media":0,"parent":0,"menu_order":0,"comment_status":"closed","ping_status":"closed","template":"elementor_header_footer","meta":{"_angie_page":false,"_joinchat":[],"footnotes":""},"class_list":["post-1395","page","type-page","status-publish","hentry"],"yoast_head":"<!-- This site is optimized with the Yoast SEO Premium plugin v27.2 (Yoast SEO v27.4) - https:\/\/yoast.com\/product\/yoast-seo-premium-wordpress\/ -->\n<title>Sobre nosotros - Popmoneri<\/title>\n<meta name=\"robots\" content=\"index, follow, max-snippet:-1, max-image-preview:large, max-video-preview:-1\" \/>\n<link rel=\"canonical\" href=\"https:\/\/popmoneri.com\/es\/sobre-nosotros\/\" \/>\n<meta property=\"og:locale\" content=\"es_ES\" \/>\n<meta property=\"og:type\" content=\"article\" \/>\n<meta property=\"og:title\" content=\"Sobre nosotros\" \/>\n<meta property=\"og:description\" content=\"Sobre nosotros En Popmoneri, nos dedicamos a crear una experiencia vacacional inolvidable en Curazao. \u00bfQu\u00e9 nos diferencia de otros arrendadores? Nuestra hospitalidad, dedicaci\u00f3n para que los hu\u00e9spedes disfruten al m\u00e1ximo de sus vacaciones y un servicio personalizado en el que nuestra anfitriona est\u00e1 siempre disponible. Popmoneri surgi\u00f3 del encuentro de Popko y Virginia, impulsado por [&hellip;]\" \/>\n<meta property=\"og:url\" content=\"https:\/\/popmoneri.com\/es\/sobre-nosotros\/\" \/>\n<meta property=\"og:site_name\" content=\"Popmoneri\" \/>\n<meta property=\"article:publisher\" content=\"https:\/\/www.facebook.com\/p\/Popmoneri-Apartments-61579660805937\/\" \/>\n<meta property=\"article:modified_time\" content=\"2026-01-05T16:59:14+00:00\" \/>\n<meta property=\"og:image\" content=\"https:\/\/popmoneri.com\/wp-content\/uploads\/2025\/10\/pasted-image-wed-jul-09-2025-15-15-18-gmt-0400-bolivia-time-high-200x300.webp\" \/>\n<meta name=\"twitter:card\" content=\"summary_large_image\" \/>\n<meta name=\"twitter:label1\" content=\"Tiempo de lectura\" \/>\n\t<meta name=\"twitter:data1\" content=\"1 minuto\" \/>\n<script type=\"application\/ld+json\" class=\"yoast-schema-graph\">{\"@context\":\"https:\\\/\\\/schema.org\",\"@graph\":[{\"@type\":\"WebPage\",\"@id\":\"https:\\\/\\\/popmoneri.com\\\/es\\\/sobre-nosotros\\\/\",\"url\":\"https:\\\/\\\/popmoneri.com\\\/es\\\/sobre-nosotros\\\/\",\"name\":\"Sobre nosotros - Popmoneri\",\"isPartOf\":{\"@id\":\"https:\\\/\\\/popmoneri.com\\\/es\\\/#website\"},\"primaryImageOfPage\":{\"@id\":\"https:\\\/\\\/popmoneri.com\\\/es\\\/sobre-nosotros\\\/#primaryimage\"},\"image\":{\"@id\":\"https:\\\/\\\/popmoneri.com\\\/es\\\/sobre-nosotros\\\/#primaryimage\"},\"thumbnailUrl\":\"https:\\\/\\\/popmoneri.com\\\/wp-content\\\/uploads\\\/2025\\\/10\\\/pasted-image-wed-jul-09-2025-15-15-18-gmt-0400-bolivia-time-high-200x300.webp\",\"datePublished\":\"2025-10-30T20:55:01+00:00\",\"dateModified\":\"2026-01-05T16:59:14+00:00\",\"breadcrumb\":{\"@id\":\"https:\\\/\\\/popmoneri.com\\\/es\\\/sobre-nosotros\\\/#breadcrumb\"},\"inLanguage\":\"es\",\"potentialAction\":[{\"@type\":\"ReadAction\",\"target\":[\"https:\\\/\\\/popmoneri.com\\\/es\\\/sobre-nosotros\\\/\"]}]},{\"@type\":\"ImageObject\",\"inLanguage\":\"es\",\"@id\":\"https:\\\/\\\/popmoneri.com\\\/es\\\/sobre-nosotros\\\/#primaryimage\",\"url\":\"https:\\\/\\\/popmoneri.com\\\/wp-content\\\/uploads\\\/2025\\\/10\\\/pasted-image-wed-jul-09-2025-15-15-18-gmt-0400-bolivia-time-high-200x300.webp\",\"contentUrl\":\"https:\\\/\\\/popmoneri.com\\\/wp-content\\\/uploads\\\/2025\\\/10\\\/pasted-image-wed-jul-09-2025-15-15-18-gmt-0400-bolivia-time-high-200x300.webp\"},{\"@type\":\"BreadcrumbList\",\"@id\":\"https:\\\/\\\/popmoneri.com\\\/es\\\/sobre-nosotros\\\/#breadcrumb\",\"itemListElement\":[{\"@type\":\"ListItem\",\"position\":1,\"name\":\"Inicio\",\"item\":\"https:\\\/\\\/popmoneri.com\\\/es\\\/inicio\\\/\"},{\"@type\":\"ListItem\",\"position\":2,\"name\":\"Sobre nosotros\"}]},{\"@type\":\"WebSite\",\"@id\":\"https:\\\/\\\/popmoneri.com\\\/es\\\/#website\",\"url\":\"https:\\\/\\\/popmoneri.com\\\/es\\\/\",\"name\":\"Popmoneri\",\"description\":\"Vakantieappartementen in Willemstad, Cura&ccedil;ao\",\"publisher\":{\"@id\":\"https:\\\/\\\/popmoneri.com\\\/es\\\/#organization\"},\"potentialAction\":[{\"@type\":\"SearchAction\",\"target\":{\"@type\":\"EntryPoint\",\"urlTemplate\":\"https:\\\/\\\/popmoneri.com\\\/es\\\/?s={search_term_string}\"},\"query-input\":{\"@type\":\"PropertyValueSpecification\",\"valueRequired\":true,\"valueName\":\"search_term_string\"}}],\"inLanguage\":\"es\"},{\"@type\":\"Organization\",\"@id\":\"https:\\\/\\\/popmoneri.com\\\/es\\\/#organization\",\"name\":\"Apartamentos Popmoneri\",\"url\":\"https:\\\/\\\/popmoneri.com\\\/es\\\/\",\"logo\":{\"@type\":\"ImageObject\",\"inLanguage\":\"es\",\"@id\":\"https:\\\/\\\/popmoneri.com\\\/es\\\/#\\\/schema\\\/logo\\\/image\\\/\",\"url\":\"https:\\\/\\\/popmoneri.com\\\/wp-content\\\/uploads\\\/2025\\\/10\\\/Popmoneri-Apartments-logo.webp\",\"contentUrl\":\"https:\\\/\\\/popmoneri.com\\\/wp-content\\\/uploads\\\/2025\\\/10\\\/Popmoneri-Apartments-logo.webp\",\"width\":145,\"height\":144,\"caption\":\"Apartamentos Popmoneri\"},\"image\":{\"@id\":\"https:\\\/\\\/popmoneri.com\\\/es\\\/#\\\/schema\\\/logo\\\/image\\\/\"},\"sameAs\":[\"https:\\\/\\\/www.facebook.com\\\/p\\\/Popmoneri-Apartments-61579660805937\\\/\"],\"description\":\"Popmoneri Apartments biedt comfortabele vakantieappartementen in Willemstad, Cura\u00e7ao. De appartementen zijn gelegen in het Winston Valley Resort en vormen een rustige uitvalsbasis voor een ontspannen vakantie op Cura\u00e7ao.\",\"email\":\"jolanthevisser@gmail.com\",\"telephone\":\"+59995146979\"}]}<\/script>\n<!-- \/ Yoast SEO Premium plugin. -->","yoast_head_json":{"title":"Sobre nosotros - Popmoneri","robots":{"index":"index","follow":"follow","max-snippet":"max-snippet:-1","max-image-preview":"max-image-preview:large","max-video-preview":"max-video-preview:-1"},"canonical":"https:\/\/popmoneri.com\/es\/sobre-nosotros\/","og_locale":"es_ES","og_type":"article","og_title":"Sobre nosotros","og_description":"Sobre nosotros En Popmoneri, nos dedicamos a crear una experiencia vacacional inolvidable en Curazao. \u00bfQu\u00e9 nos diferencia de otros arrendadores? Nuestra hospitalidad, dedicaci\u00f3n para que los hu\u00e9spedes disfruten al m\u00e1ximo de sus vacaciones y un servicio personalizado en el que nuestra anfitriona est\u00e1 siempre disponible. Popmoneri surgi\u00f3 del encuentro de Popko y Virginia, impulsado por [&hellip;]","og_url":"https:\/\/popmoneri.com\/es\/sobre-nosotros\/","og_site_name":"Popmoneri","article_publisher":"https:\/\/www.facebook.com\/p\/Popmoneri-Apartments-61579660805937\/","article_modified_time":"2026-01-05T16:59:14+00:00","og_image":[{"url":"https:\/\/popmoneri.com\/wp-content\/uploads\/2025\/10\/pasted-image-wed-jul-09-2025-15-15-18-gmt-0400-bolivia-time-high-200x300.webp","type":"","width":"","height":""}],"twitter_card":"summary_large_image","twitter_misc":{"Tiempo de lectura":"1 minuto"},"schema":{"@context":"https:\/\/schema.org","@graph":[{"@type":"WebPage","@id":"https:\/\/popmoneri.com\/es\/sobre-nosotros\/","url":"https:\/\/popmoneri.com\/es\/sobre-nosotros\/","name":"Sobre nosotros - Popmoneri","isPartOf":{"@id":"https:\/\/popmoneri.com\/es\/#website"},"primaryImageOfPage":{"@id":"https:\/\/popmoneri.com\/es\/sobre-nosotros\/#primaryimage"},"image":{"@id":"https:\/\/popmoneri.com\/es\/sobre-nosotros\/#primaryimage"},"thumbnailUrl":"https:\/\/popmoneri.com\/wp-content\/uploads\/2025\/10\/pasted-image-wed-jul-09-2025-15-15-18-gmt-0400-bolivia-time-high-200x300.webp","datePublished":"2025-10-30T20:55:01+00:00","dateModified":"2026-01-05T16:59:14+00:00","breadcrumb":{"@id":"https:\/\/popmoneri.com\/es\/sobre-nosotros\/#breadcrumb"},"inLanguage":"es","potentialAction":[{"@type":"ReadAction","target":["https:\/\/popmoneri.com\/es\/sobre-nosotros\/"]}]},{"@type":"ImageObject","inLanguage":"es","@id":"https:\/\/popmoneri.com\/es\/sobre-nosotros\/#primaryimage","url":"https:\/\/popmoneri.com\/wp-content\/uploads\/2025\/10\/pasted-image-wed-jul-09-2025-15-15-18-gmt-0400-bolivia-time-high-200x300.webp","contentUrl":"https:\/\/popmoneri.com\/wp-content\/uploads\/2025\/10\/pasted-image-wed-jul-09-2025-15-15-18-gmt-0400-bolivia-time-high-200x300.webp"},{"@type":"BreadcrumbList","@id":"https:\/\/popmoneri.com\/es\/sobre-nosotros\/#breadcrumb","itemListElement":[{"@type":"ListItem","position":1,"name":"Inicio","item":"https:\/\/popmoneri.com\/es\/inicio\/"},{"@type":"ListItem","position":2,"name":"Sobre nosotros"}]},{"@type":"WebSite","@id":"https:\/\/popmoneri.com\/es\/#website","url":"https:\/\/popmoneri.com\/es\/","name":"Popmoneri","description":"Vakantieappartementen in Willemstad, Cura&ccedil;ao","publisher":{"@id":"https:\/\/popmoneri.com\/es\/#organization"},"potentialAction":[{"@type":"SearchAction","target":{"@type":"EntryPoint","urlTemplate":"https:\/\/popmoneri.com\/es\/?s={search_term_string}"},"query-input":{"@type":"PropertyValueSpecification","valueRequired":true,"valueName":"search_term_string"}}],"inLanguage":"es"},{"@type":"Organization","@id":"https:\/\/popmoneri.com\/es\/#organization","name":"Apartamentos Popmoneri","url":"https:\/\/popmoneri.com\/es\/","logo":{"@type":"ImageObject","inLanguage":"es","@id":"https:\/\/popmoneri.com\/es\/#\/schema\/logo\/image\/","url":"https:\/\/popmoneri.com\/wp-content\/uploads\/2025\/10\/Popmoneri-Apartments-logo.webp","contentUrl":"https:\/\/popmoneri.com\/wp-content\/uploads\/2025\/10\/Popmoneri-Apartments-logo.webp","width":145,"height":144,"caption":"Apartamentos Popmoneri"},"image":{"@id":"https:\/\/popmoneri.com\/es\/#\/schema\/logo\/image\/"},"sameAs":["https:\/\/www.facebook.com\/p\/Popmoneri-Apartments-61579660805937\/"],"description":"Popmoneri Apartments biedt comfortabele vakantieappartementen in Willemstad, Cura\u00e7ao. De appartementen zijn gelegen in het Winston Valley Resort en vormen een rustige uitvalsbasis voor een ontspannen vakantie op Cura\u00e7ao.","email":"jolanthevisser@gmail.com","telephone":"+59995146979"}]}},"_links":{"self":[{"href":"https:\/\/popmoneri.com\/es\/wp-json\/wp\/v2\/pages\/1395","targetHints":{"allow":["GET"]}}],"collection":[{"href":"https:\/\/popmoneri.com\/es\/wp-json\/wp\/v2\/pages"}],"about":[{"href":"https:\/\/popmoneri.com\/es\/wp-json\/wp\/v2\/types\/page"}],"author":[{"embeddable":true,"href":"https:\/\/popmoneri.com\/es\/wp-json\/wp\/v2\/users\/1"}],"replies":[{"embeddable":true,"href":"https:\/\/popmoneri.com\/es\/wp-json\/wp\/v2\/comments?post=1395"}],"version-history":[{"count":2,"href":"https:\/\/popmoneri.com\/es\/wp-json\/wp\/v2\/pages\/1395\/revisions"}],"predecessor-version":[{"id":1545,"href":"https:\/\/popmoneri.com\/es\/wp-json\/wp\/v2\/pages\/1395\/revisions\/1545"}],"wp:attachment":[{"href":"https:\/\/popmoneri.com\/es\/wp-json\/wp\/v2\/media?parent=1395"}],"curies":[{"name":"wp","href":"https:\/\/api.w.org\/{rel}","templated":true}]}}