{"id":1391,"date":"2025-10-30T20:58:59","date_gmt":"2025-10-30T20:58:59","guid":{"rendered":"https:\/\/popmoneri.com\/contacto\/"},"modified":"2025-10-30T20:58:59","modified_gmt":"2025-10-30T20:58:59","slug":"contacto","status":"publish","type":"page","link":"https:\/\/popmoneri.com\/es\/contacto\/","title":{"rendered":"Contacto"},"content":{"rendered":"\t\t<div data-elementor-type=\"wp-page\" data-elementor-id=\"1391\" class=\"elementor elementor-1391 elementor-288\" data-elementor-post-type=\"page\">\n\t\t\t\t<div class=\"elementor-element elementor-element-1a7e5f2 e-flex e-con-boxed e-con e-parent\" data-id=\"1a7e5f2\" data-element_type=\"container\" data-e-type=\"container\" data-settings=\"{&quot;ekit_has_onepagescroll_dot&quot;:&quot;yes&quot;}\">\n\t\t\t\t\t<div class=\"e-con-inner\">\n\t\t\t\t<div class=\"elementor-element elementor-element-c449283 elementor-widget elementor-widget-heading\" data-id=\"c449283\" data-element_type=\"widget\" data-e-type=\"widget\" data-settings=\"{&quot;ekit_we_effect_on&quot;:&quot;none&quot;}\" data-widget_type=\"heading.default\">\n\t\t\t\t\t<h1 class=\"elementor-heading-title elementor-size-default\">Neem contact met ons op<\/h1>\t\t\t\t<\/div>\n\t\t\t\t\t<\/div>\n\t\t\t\t<\/div>\n\t\t<div class=\"elementor-element elementor-element-c33e52b e-flex e-con-boxed e-con e-parent\" data-id=\"c33e52b\" data-element_type=\"container\" data-e-type=\"container\" data-settings=\"{&quot;ekit_has_onepagescroll_dot&quot;:&quot;yes&quot;}\">\n\t\t\t\t\t<div class=\"e-con-inner\">\n\t\t<div class=\"elementor-element elementor-element-e3b7b00 e-con-full e-flex e-con e-child\" data-id=\"e3b7b00\" data-element_type=\"container\" data-e-type=\"container\" data-settings=\"{&quot;ekit_has_onepagescroll_dot&quot;:&quot;yes&quot;}\">\n\t\t\t\t<div class=\"elementor-element elementor-element-dc422b6 elementor-widget elementor-widget-heading\" data-id=\"dc422b6\" data-element_type=\"widget\" data-e-type=\"widget\" data-settings=\"{&quot;ekit_we_effect_on&quot;:&quot;none&quot;}\" data-widget_type=\"heading.default\">\n\t\t\t\t\t<h2 class=\"elementor-heading-title elementor-size-default\">Veelgestelde vragen\n<\/h2>\t\t\t\t<\/div>\n\t\t\t\t<div class=\"elementor-element elementor-element-e7edafb elementor-widget elementor-widget-text-editor\" data-id=\"e7edafb\" data-element_type=\"widget\" data-e-type=\"widget\" data-settings=\"{&quot;ekit_we_effect_on&quot;:&quot;none&quot;}\" data-widget_type=\"text-editor.default\">\n\t\t\t\t\t\t\t\t\t<p>Heeft u een vraag? Wellicht vindt u het antwoord hieronder:<\/p><p>Beschikbaarheid? Mail ons voor de actuele beschikbaarheid.<br \/>Prijzen? Onze prijzen vindt u overzichtelijk op de prijzen pagina.<\/p><p>We streven ernaar om uw e-mail binnen een dag te beantwoorden.<\/p>\t\t\t\t\t\t\t\t<\/div>\n\t\t\t\t<div class=\"elementor-element elementor-element-a5c124c elementor-widget elementor-widget-elementskit-accordion\" data-id=\"a5c124c\" data-element_type=\"widget\" data-e-type=\"widget\" data-settings=\"{&quot;ekit_we_effect_on&quot;:&quot;none&quot;}\" data-widget_type=\"elementskit-accordion.default\">\n\t\t\t\t\t<div class=\"ekit-wid-con\" >\n        <div class=\"elementskit-accordion accoedion-primary\" id=\"accordion-69e0d6b41f398\">\n\n            \n                <div class=\"elementskit-card active\">\n                    <div class=\"elementskit-card-header\" id=\"primaryHeading-0-a5c124c\">\n                        <a href=\"#collapse-cf70a2769e0d6b41f398\" class=\"ekit-accordion--toggler elementskit-btn-link collapsed\" data-ekit-toggle=\"collapse\" data-target=\"#Collapse-cf70a2769e0d6b41f398\" aria-expanded=\"true\" aria-controls=\"Collapse-cf70a2769e0d6b41f398\">\n                            \n                            <span class=\"ekit-accordion-title\">Beschikbaarheid?<\/span>\n\n                            \n                                <div class=\"ekit_accordion_icon_group\">\n                                    <div class=\"ekit_accordion_normal_icon\">\n                                        <!-- Normal Icon -->\n\t\t\t\t\t\t\t\t\t\t<i class=\"icon icon-down-arrow1\"><\/i>                                    <\/div>\n\n                                    <div class=\"ekit_accordion_active_icon\">\n                                        <!-- Active Icon -->\n\t\t\t\t\t\t\t\t\t\t<i class=\"icon icon-up-arrow\"><\/i>                                    <\/div>\n                                <\/div>\n\n                            \n                                                    <\/a>\n                    <\/div>\n\n                    <div id=\"Collapse-cf70a2769e0d6b41f398\" class=\" show collapse\" aria-labelledby=\"primaryHeading-0-a5c124c\" data-parent=\"#accordion-69e0d6b41f398\">\n\n                        <div class=\"elementskit-card-body ekit-accordion--content\">\n                            <p>Mail ons voor de actuele beschikbaarheid.<\/p>                        <\/div>\n\n                    <\/div>\n\n                <\/div><!-- .elementskit-card END -->\n\n                \n                <div class=\"elementskit-card \">\n                    <div class=\"elementskit-card-header\" id=\"primaryHeading-1-a5c124c\">\n                        <a href=\"#collapse-4b14ea769e0d6b41f398\" class=\"ekit-accordion--toggler elementskit-btn-link collapsed\" data-ekit-toggle=\"collapse\" data-target=\"#Collapse-4b14ea769e0d6b41f398\" aria-expanded=\"false\" aria-controls=\"Collapse-4b14ea769e0d6b41f398\">\n                            \n                            <span class=\"ekit-accordion-title\">Prijzen? <\/span>\n\n                            \n                                <div class=\"ekit_accordion_icon_group\">\n                                    <div class=\"ekit_accordion_normal_icon\">\n                                        <!-- Normal Icon -->\n\t\t\t\t\t\t\t\t\t\t<i class=\"icon icon-down-arrow1\"><\/i>                                    <\/div>\n\n                                    <div class=\"ekit_accordion_active_icon\">\n                                        <!-- Active Icon -->\n\t\t\t\t\t\t\t\t\t\t<i class=\"icon icon-up-arrow\"><\/i>                                    <\/div>\n                                <\/div>\n\n                            \n                                                    <\/a>\n                    <\/div>\n\n                    <div id=\"Collapse-4b14ea769e0d6b41f398\" class=\" collapse\" aria-labelledby=\"primaryHeading-1-a5c124c\" data-parent=\"#accordion-69e0d6b41f398\">\n\n                        <div class=\"elementskit-card-body ekit-accordion--content\">\n                            <p>Onze prijzen vindt u overzichtelijk op de <a href=\"https:\/\/www.popmoneri.com\/prijzen\">prijzen<\/a> pagina.<\/p>                        <\/div>\n\n                    <\/div>\n\n                <\/div><!-- .elementskit-card END -->\n\n                                        <\/div>\n    <\/div>\t\t\t\t<\/div>\n\t\t\t\t<\/div>\n\t\t<div class=\"elementor-element elementor-element-82a3c74 e-con-full e-flex e-con e-child\" data-id=\"82a3c74\" data-element_type=\"container\" data-e-type=\"container\" data-settings=\"{&quot;ekit_has_onepagescroll_dot&quot;:&quot;yes&quot;}\">\n\t\t\t\t<div class=\"elementor-element elementor-element-219d309 elementor-widget elementor-widget-image\" data-id=\"219d309\" data-element_type=\"widget\" data-e-type=\"widget\" data-settings=\"{&quot;ekit_we_effect_on&quot;:&quot;none&quot;}\" data-widget_type=\"image.default\">\n\t\t\t\t\t\t\t\t\t\t\t\t\t\t\t<img fetchpriority=\"high\" decoding=\"async\" width=\"532\" height=\"292\" src=\"https:\/\/popmoneri.com\/wp-content\/uploads\/2025\/10\/zwembad-high-t33ji8.webp\" class=\"attachment-large size-large wp-image-1430\" alt=\"\" srcset=\"https:\/\/popmoneri.com\/wp-content\/uploads\/2025\/10\/zwembad-high-t33ji8.webp 532w, https:\/\/popmoneri.com\/wp-content\/uploads\/2025\/10\/zwembad-high-t33ji8-300x165.webp 300w\" sizes=\"(max-width: 532px) 100vw, 532px\" \/>\t\t\t\t\t\t\t\t\t\t\t\t\t\t\t<\/div>\n\t\t\t\t<div class=\"elementor-element elementor-element-3dcaf8d elementor-widget elementor-widget-heading\" data-id=\"3dcaf8d\" data-element_type=\"widget\" data-e-type=\"widget\" data-settings=\"{&quot;ekit_we_effect_on&quot;:&quot;none&quot;}\" data-widget_type=\"heading.default\">\n\t\t\t\t\t<h2 class=\"elementor-heading-title elementor-size-default\">\n\n            \n                \n                    \n\n                    \n\n                    \n\n                    \n\n                    \n\n                    \n\n                    \n\n                    \n\n                \n                \n                    \n\n                \n                \n                    \n\n                \n                \n                    \n\n                \n            \n        \nLocatie\n<\/h2>\t\t\t\t<\/div>\n\t\t\t\t<div class=\"elementor-element elementor-element-cb5578f elementor-widget elementor-widget-text-editor\" data-id=\"cb5578f\" data-element_type=\"widget\" data-e-type=\"widget\" data-settings=\"{&quot;ekit_we_effect_on&quot;:&quot;none&quot;}\" data-widget_type=\"text-editor.default\">\n\t\t\t\t\t\t\t\t\tWinston Valley resort Blok A. 88 A t\/m E Willemstad, Cura\u00e7ao\t\t\t\t\t\t\t\t<\/div>\n\t\t\t\t<\/div>\n\t\t\t\t<div class=\"elementor-element elementor-element-d59fb54 elementor-widget elementor-widget-google_maps\" data-id=\"d59fb54\" data-element_type=\"widget\" data-e-type=\"widget\" data-settings=\"{&quot;ekit_we_effect_on&quot;:&quot;none&quot;}\" data-widget_type=\"google_maps.default\">\n\t\t\t\t\t\t\t<div class=\"elementor-custom-embed\">\n\t\t\t<iframe loading=\"lazy\"\n\t\t\t\t\tsrc=\"https:\/\/maps.google.com\/maps?q=Winston%20Valley%20resort%20Blok%20A.%2088%20A%20t%2Fm%20E%20Willemstad%2C%20Cura%C3%A7ao&#038;t=m&#038;z=15&#038;output=embed&#038;iwloc=near\"\n\t\t\t\t\ttitle=\"Winston Valley resort Blok A. 88 A t\/m E Willemstad, Cura\u00e7ao\"\n\t\t\t\t\taria-label=\"Winston Valley resort Blok A. 88 A t\/m E Willemstad, Cura\u00e7ao\"\n\t\t\t><\/iframe>\n\t\t<\/div>\n\t\t\t\t\t\t<\/div>\n\t\t<div class=\"elementor-element elementor-element-995abe5 e-con-full e-flex e-con e-child\" data-id=\"995abe5\" data-element_type=\"container\" data-e-type=\"container\" data-settings=\"{&quot;ekit_has_onepagescroll_dot&quot;:&quot;yes&quot;}\">\n\t\t\t\t<\/div>\n\t\t\t\t\t<\/div>\n\t\t\t\t<\/div>\n\t\t<div class=\"elementor-element elementor-element-cf125e7 e-flex e-con-boxed e-con e-parent\" data-id=\"cf125e7\" data-element_type=\"container\" data-e-type=\"container\" data-settings=\"{&quot;ekit_has_onepagescroll_dot&quot;:&quot;yes&quot;}\">\n\t\t\t\t\t<div class=\"e-con-inner\">\n\t\t\t\t<div class=\"elementor-element elementor-element-405742b elementor-button-align-stretch elementor-widget elementor-widget-form\" data-id=\"405742b\" data-element_type=\"widget\" data-e-type=\"widget\" data-settings=\"{&quot;step_next_label&quot;:&quot;Volgende&quot;,&quot;step_previous_label&quot;:&quot;Vorige&quot;,&quot;button_width&quot;:&quot;100&quot;,&quot;step_type&quot;:&quot;number_text&quot;,&quot;step_icon_shape&quot;:&quot;circle&quot;,&quot;ekit_we_effect_on&quot;:&quot;none&quot;}\" data-widget_type=\"form.default\">\n\t\t\t\t\t\t\t<form class=\"elementor-form\" method=\"post\" name=\"Nieuw formulier\" aria-label=\"Nieuw formulier\">\n\t\t\t<input type=\"hidden\" name=\"post_id\" value=\"1391\"\/>\n\t\t\t<input type=\"hidden\" name=\"form_id\" value=\"405742b\"\/>\n\t\t\t<input type=\"hidden\" name=\"referer_title\" value=\"Contacto - Popmoneri\" \/>\n\n\t\t\t\t\t\t\t<input type=\"hidden\" name=\"queried_id\" value=\"1391\"\/>\n\t\t\t\n\t\t\t<div class=\"elementor-form-fields-wrapper elementor-labels-above\">\n\t\t\t\t\t\t\t\t<div class=\"elementor-field-type-text elementor-field-group elementor-column elementor-field-group-name elementor-col-100\">\n\t\t\t\t\t\t\t\t\t\t\t\t<label for=\"form-field-name\" class=\"elementor-field-label\">\n\t\t\t\t\t\t\t\tNaam\t\t\t\t\t\t\t<\/label>\n\t\t\t\t\t\t\t\t\t\t\t\t\t\t<input size=\"1\" type=\"text\" name=\"form_fields[name]\" id=\"form-field-name\" class=\"elementor-field elementor-size-sm  elementor-field-textual\" placeholder=\"Naam\">\n\t\t\t\t\t\t\t\t\t\t\t<\/div>\n\t\t\t\t\t\t\t\t<div class=\"elementor-field-type-email elementor-field-group elementor-column elementor-field-group-email elementor-col-100 elementor-field-required\">\n\t\t\t\t\t\t\t\t\t\t\t\t<label for=\"form-field-email\" class=\"elementor-field-label\">\n\t\t\t\t\t\t\t\tE-mail\t\t\t\t\t\t\t<\/label>\n\t\t\t\t\t\t\t\t\t\t\t\t\t\t<input size=\"1\" type=\"email\" name=\"form_fields[email]\" id=\"form-field-email\" class=\"elementor-field elementor-size-sm  elementor-field-textual\" placeholder=\"E-mail\" required=\"required\">\n\t\t\t\t\t\t\t\t\t\t\t<\/div>\n\t\t\t\t\t\t\t\t<div class=\"elementor-field-type-textarea elementor-field-group elementor-column elementor-field-group-message elementor-col-100\">\n\t\t\t\t\t\t\t\t\t\t\t\t<label for=\"form-field-message\" class=\"elementor-field-label\">\n\t\t\t\t\t\t\t\tBericht\t\t\t\t\t\t\t<\/label>\n\t\t\t\t\t\t<textarea class=\"elementor-field-textual elementor-field  elementor-size-sm\" name=\"form_fields[message]\" id=\"form-field-message\" rows=\"4\" placeholder=\"Bericht\"><\/textarea>\t\t\t\t<\/div>\n\t\t\t\t\t\t\t\t<div class=\"elementor-field-type-recaptcha_v3 elementor-field-group elementor-column elementor-field-group-reCAPTCHA elementor-col-100 recaptcha_v3-bottomright\">\n\t\t\t\t\t<div class=\"elementor-field\" id=\"form-field-reCAPTCHA\"><div class=\"elementor-g-recaptcha\" data-sitekey=\"6LfoSC0sAAAAAC6iWYAvx5uoIC7DOk_0J-fFEbi1\" data-type=\"v3\" data-action=\"Form\" data-badge=\"bottomright\" data-size=\"invisible\"><\/div><\/div>\t\t\t\t<\/div>\n\t\t\t\t\t\t\t\t<div class=\"elementor-field-group elementor-column elementor-field-type-submit elementor-col-100 e-form__buttons\">\n\t\t\t\t\t<button class=\"elementor-button elementor-size-sm\" type=\"submit\">\n\t\t\t\t\t\t<span class=\"elementor-button-content-wrapper\">\n\t\t\t\t\t\t\t\t\t\t\t\t\t\t\t\t\t\t\t\t\t\t<span class=\"elementor-button-text\">Verstuur<\/span>\n\t\t\t\t\t\t\t\t\t\t\t\t\t<\/span>\n\t\t\t\t\t<\/button>\n\t\t\t\t<\/div>\n\t\t\t<\/div>\n\t\t<\/form>\n\t\t\t\t\t\t<\/div>\n\t\t\t\t\t<\/div>\n\t\t\t\t<\/div>\n\t\t\t\t<\/div>\n\t\t","protected":false},"excerpt":{"rendered":"<p>P\u00f3ngase en contacto con nosotros Preguntas frecuentes \u00bfTiene alguna pregunta? Quiz\u00e1s encuentre la respuesta a continuaci\u00f3n: \u00bfDisponibilidad? Env\u00edenos un correo electr\u00f3nico para conocer la disponibilidad actual.\u00bfPrecios? Encontrar\u00e1 nuestros precios claramente indicados en la p\u00e1gina de precios. Nuestro objetivo es responder a su correo electr\u00f3nico en un d\u00eda. \u00bfDisponibilidad? Env\u00edenos un correo electr\u00f3nico para conocer la [&hellip;]<\/p>\n","protected":false},"author":1,"featured_media":0,"parent":0,"menu_order":0,"comment_status":"closed","ping_status":"closed","template":"elementor_header_footer","meta":{"_angie_page":false,"_joinchat":[],"footnotes":""},"class_list":["post-1391","page","type-page","status-publish","hentry"],"yoast_head":"<!-- This site is optimized with the Yoast SEO Premium plugin v27.2 (Yoast SEO v27.4) - https:\/\/yoast.com\/product\/yoast-seo-premium-wordpress\/ -->\n<title>Contacto - Popmoneri<\/title>\n<meta name=\"robots\" content=\"index, follow, max-snippet:-1, max-image-preview:large, max-video-preview:-1\" \/>\n<link rel=\"canonical\" href=\"https:\/\/popmoneri.com\/es\/contacto\/\" \/>\n<meta property=\"og:locale\" content=\"es_ES\" \/>\n<meta property=\"og:type\" content=\"article\" \/>\n<meta property=\"og:title\" content=\"Contacto\" \/>\n<meta property=\"og:description\" content=\"P\u00f3ngase en contacto con nosotros Preguntas frecuentes \u00bfTiene alguna pregunta? Quiz\u00e1s encuentre la respuesta a continuaci\u00f3n: \u00bfDisponibilidad? Env\u00edenos un correo electr\u00f3nico para conocer la disponibilidad actual.\u00bfPrecios? Encontrar\u00e1 nuestros precios claramente indicados en la p\u00e1gina de precios. Nuestro objetivo es responder a su correo electr\u00f3nico en un d\u00eda. \u00bfDisponibilidad? Env\u00edenos un correo electr\u00f3nico para conocer la [&hellip;]\" \/>\n<meta property=\"og:url\" content=\"https:\/\/popmoneri.com\/es\/contacto\/\" \/>\n<meta property=\"og:site_name\" content=\"Popmoneri\" \/>\n<meta property=\"article:publisher\" content=\"https:\/\/www.facebook.com\/p\/Popmoneri-Apartments-61579660805937\/\" \/>\n<meta property=\"og:image\" content=\"https:\/\/popmoneri.com\/wp-content\/uploads\/2025\/10\/zwembad-high-t33ji8.webp\" \/>\n<meta name=\"twitter:card\" content=\"summary_large_image\" \/>\n<script type=\"application\/ld+json\" class=\"yoast-schema-graph\">{\"@context\":\"https:\\\/\\\/schema.org\",\"@graph\":[{\"@type\":\"WebPage\",\"@id\":\"https:\\\/\\\/popmoneri.com\\\/es\\\/contacto\\\/\",\"url\":\"https:\\\/\\\/popmoneri.com\\\/es\\\/contacto\\\/\",\"name\":\"Contacto - Popmoneri\",\"isPartOf\":{\"@id\":\"https:\\\/\\\/popmoneri.com\\\/es\\\/#website\"},\"primaryImageOfPage\":{\"@id\":\"https:\\\/\\\/popmoneri.com\\\/es\\\/contacto\\\/#primaryimage\"},\"image\":{\"@id\":\"https:\\\/\\\/popmoneri.com\\\/es\\\/contacto\\\/#primaryimage\"},\"thumbnailUrl\":\"https:\\\/\\\/popmoneri.com\\\/wp-content\\\/uploads\\\/2025\\\/10\\\/zwembad-high-t33ji8.webp\",\"datePublished\":\"2025-10-30T20:58:59+00:00\",\"breadcrumb\":{\"@id\":\"https:\\\/\\\/popmoneri.com\\\/es\\\/contacto\\\/#breadcrumb\"},\"inLanguage\":\"es\",\"potentialAction\":[{\"@type\":\"ReadAction\",\"target\":[\"https:\\\/\\\/popmoneri.com\\\/es\\\/contacto\\\/\"]}]},{\"@type\":\"ImageObject\",\"inLanguage\":\"es\",\"@id\":\"https:\\\/\\\/popmoneri.com\\\/es\\\/contacto\\\/#primaryimage\",\"url\":\"https:\\\/\\\/popmoneri.com\\\/wp-content\\\/uploads\\\/2025\\\/10\\\/zwembad-high-t33ji8.webp\",\"contentUrl\":\"https:\\\/\\\/popmoneri.com\\\/wp-content\\\/uploads\\\/2025\\\/10\\\/zwembad-high-t33ji8.webp\"},{\"@type\":\"BreadcrumbList\",\"@id\":\"https:\\\/\\\/popmoneri.com\\\/es\\\/contacto\\\/#breadcrumb\",\"itemListElement\":[{\"@type\":\"ListItem\",\"position\":1,\"name\":\"Inicio\",\"item\":\"https:\\\/\\\/popmoneri.com\\\/es\\\/inicio\\\/\"},{\"@type\":\"ListItem\",\"position\":2,\"name\":\"Contacto\"}]},{\"@type\":\"WebSite\",\"@id\":\"https:\\\/\\\/popmoneri.com\\\/es\\\/#website\",\"url\":\"https:\\\/\\\/popmoneri.com\\\/es\\\/\",\"name\":\"Popmoneri\",\"description\":\"Vakantieappartementen in Willemstad, Cura&ccedil;ao\",\"publisher\":{\"@id\":\"https:\\\/\\\/popmoneri.com\\\/es\\\/#organization\"},\"potentialAction\":[{\"@type\":\"SearchAction\",\"target\":{\"@type\":\"EntryPoint\",\"urlTemplate\":\"https:\\\/\\\/popmoneri.com\\\/es\\\/?s={search_term_string}\"},\"query-input\":{\"@type\":\"PropertyValueSpecification\",\"valueRequired\":true,\"valueName\":\"search_term_string\"}}],\"inLanguage\":\"es\"},{\"@type\":\"Organization\",\"@id\":\"https:\\\/\\\/popmoneri.com\\\/es\\\/#organization\",\"name\":\"Apartamentos Popmoneri\",\"url\":\"https:\\\/\\\/popmoneri.com\\\/es\\\/\",\"logo\":{\"@type\":\"ImageObject\",\"inLanguage\":\"es\",\"@id\":\"https:\\\/\\\/popmoneri.com\\\/es\\\/#\\\/schema\\\/logo\\\/image\\\/\",\"url\":\"https:\\\/\\\/popmoneri.com\\\/wp-content\\\/uploads\\\/2025\\\/10\\\/Popmoneri-Apartments-logo.webp\",\"contentUrl\":\"https:\\\/\\\/popmoneri.com\\\/wp-content\\\/uploads\\\/2025\\\/10\\\/Popmoneri-Apartments-logo.webp\",\"width\":145,\"height\":144,\"caption\":\"Apartamentos Popmoneri\"},\"image\":{\"@id\":\"https:\\\/\\\/popmoneri.com\\\/es\\\/#\\\/schema\\\/logo\\\/image\\\/\"},\"sameAs\":[\"https:\\\/\\\/www.facebook.com\\\/p\\\/Popmoneri-Apartments-61579660805937\\\/\"],\"description\":\"Popmoneri Apartments biedt comfortabele vakantieappartementen in Willemstad, Cura\u00e7ao. De appartementen zijn gelegen in het Winston Valley Resort en vormen een rustige uitvalsbasis voor een ontspannen vakantie op Cura\u00e7ao.\",\"email\":\"jolanthevisser@gmail.com\",\"telephone\":\"+59995146979\"}]}<\/script>\n<!-- \/ Yoast SEO Premium plugin. -->","yoast_head_json":{"title":"Contacto - Popmoneri","robots":{"index":"index","follow":"follow","max-snippet":"max-snippet:-1","max-image-preview":"max-image-preview:large","max-video-preview":"max-video-preview:-1"},"canonical":"https:\/\/popmoneri.com\/es\/contacto\/","og_locale":"es_ES","og_type":"article","og_title":"Contacto","og_description":"P\u00f3ngase en contacto con nosotros Preguntas frecuentes \u00bfTiene alguna pregunta? Quiz\u00e1s encuentre la respuesta a continuaci\u00f3n: \u00bfDisponibilidad? Env\u00edenos un correo electr\u00f3nico para conocer la disponibilidad actual.\u00bfPrecios? Encontrar\u00e1 nuestros precios claramente indicados en la p\u00e1gina de precios. Nuestro objetivo es responder a su correo electr\u00f3nico en un d\u00eda. \u00bfDisponibilidad? Env\u00edenos un correo electr\u00f3nico para conocer la [&hellip;]","og_url":"https:\/\/popmoneri.com\/es\/contacto\/","og_site_name":"Popmoneri","article_publisher":"https:\/\/www.facebook.com\/p\/Popmoneri-Apartments-61579660805937\/","og_image":[{"url":"https:\/\/popmoneri.com\/wp-content\/uploads\/2025\/10\/zwembad-high-t33ji8.webp","type":"","width":"","height":""}],"twitter_card":"summary_large_image","schema":{"@context":"https:\/\/schema.org","@graph":[{"@type":"WebPage","@id":"https:\/\/popmoneri.com\/es\/contacto\/","url":"https:\/\/popmoneri.com\/es\/contacto\/","name":"Contacto - Popmoneri","isPartOf":{"@id":"https:\/\/popmoneri.com\/es\/#website"},"primaryImageOfPage":{"@id":"https:\/\/popmoneri.com\/es\/contacto\/#primaryimage"},"image":{"@id":"https:\/\/popmoneri.com\/es\/contacto\/#primaryimage"},"thumbnailUrl":"https:\/\/popmoneri.com\/wp-content\/uploads\/2025\/10\/zwembad-high-t33ji8.webp","datePublished":"2025-10-30T20:58:59+00:00","breadcrumb":{"@id":"https:\/\/popmoneri.com\/es\/contacto\/#breadcrumb"},"inLanguage":"es","potentialAction":[{"@type":"ReadAction","target":["https:\/\/popmoneri.com\/es\/contacto\/"]}]},{"@type":"ImageObject","inLanguage":"es","@id":"https:\/\/popmoneri.com\/es\/contacto\/#primaryimage","url":"https:\/\/popmoneri.com\/wp-content\/uploads\/2025\/10\/zwembad-high-t33ji8.webp","contentUrl":"https:\/\/popmoneri.com\/wp-content\/uploads\/2025\/10\/zwembad-high-t33ji8.webp"},{"@type":"BreadcrumbList","@id":"https:\/\/popmoneri.com\/es\/contacto\/#breadcrumb","itemListElement":[{"@type":"ListItem","position":1,"name":"Inicio","item":"https:\/\/popmoneri.com\/es\/inicio\/"},{"@type":"ListItem","position":2,"name":"Contacto"}]},{"@type":"WebSite","@id":"https:\/\/popmoneri.com\/es\/#website","url":"https:\/\/popmoneri.com\/es\/","name":"Popmoneri","description":"Vakantieappartementen in Willemstad, Cura&ccedil;ao","publisher":{"@id":"https:\/\/popmoneri.com\/es\/#organization"},"potentialAction":[{"@type":"SearchAction","target":{"@type":"EntryPoint","urlTemplate":"https:\/\/popmoneri.com\/es\/?s={search_term_string}"},"query-input":{"@type":"PropertyValueSpecification","valueRequired":true,"valueName":"search_term_string"}}],"inLanguage":"es"},{"@type":"Organization","@id":"https:\/\/popmoneri.com\/es\/#organization","name":"Apartamentos Popmoneri","url":"https:\/\/popmoneri.com\/es\/","logo":{"@type":"ImageObject","inLanguage":"es","@id":"https:\/\/popmoneri.com\/es\/#\/schema\/logo\/image\/","url":"https:\/\/popmoneri.com\/wp-content\/uploads\/2025\/10\/Popmoneri-Apartments-logo.webp","contentUrl":"https:\/\/popmoneri.com\/wp-content\/uploads\/2025\/10\/Popmoneri-Apartments-logo.webp","width":145,"height":144,"caption":"Apartamentos Popmoneri"},"image":{"@id":"https:\/\/popmoneri.com\/es\/#\/schema\/logo\/image\/"},"sameAs":["https:\/\/www.facebook.com\/p\/Popmoneri-Apartments-61579660805937\/"],"description":"Popmoneri Apartments biedt comfortabele vakantieappartementen in Willemstad, Cura\u00e7ao. De appartementen zijn gelegen in het Winston Valley Resort en vormen een rustige uitvalsbasis voor een ontspannen vakantie op Cura\u00e7ao.","email":"jolanthevisser@gmail.com","telephone":"+59995146979"}]}},"_links":{"self":[{"href":"https:\/\/popmoneri.com\/es\/wp-json\/wp\/v2\/pages\/1391","targetHints":{"allow":["GET"]}}],"collection":[{"href":"https:\/\/popmoneri.com\/es\/wp-json\/wp\/v2\/pages"}],"about":[{"href":"https:\/\/popmoneri.com\/es\/wp-json\/wp\/v2\/types\/page"}],"author":[{"embeddable":true,"href":"https:\/\/popmoneri.com\/es\/wp-json\/wp\/v2\/users\/1"}],"replies":[{"embeddable":true,"href":"https:\/\/popmoneri.com\/es\/wp-json\/wp\/v2\/comments?post=1391"}],"version-history":[{"count":0,"href":"https:\/\/popmoneri.com\/es\/wp-json\/wp\/v2\/pages\/1391\/revisions"}],"wp:attachment":[{"href":"https:\/\/popmoneri.com\/es\/wp-json\/wp\/v2\/media?parent=1391"}],"curies":[{"name":"wp","href":"https:\/\/api.w.org\/{rel}","templated":true}]}}