{"id":1253,"date":"2025-10-30T20:55:01","date_gmt":"2025-10-30T20:55:01","guid":{"rendered":"https:\/\/popmoneri.com\/ueber-uns\/"},"modified":"2026-01-05T16:58:49","modified_gmt":"2026-01-05T16:58:49","slug":"ueber-uns","status":"publish","type":"page","link":"https:\/\/popmoneri.com\/de\/ueber-uns\/","title":{"rendered":"\u00dcber uns"},"content":{"rendered":"\t\t<div data-elementor-type=\"wp-page\" data-elementor-id=\"1253\" class=\"elementor elementor-1253 elementor-278\" data-elementor-post-type=\"page\">\n\t\t\t\t<div class=\"elementor-element elementor-element-47b6884 e-flex e-con-boxed e-con e-parent\" data-id=\"47b6884\" data-element_type=\"container\" data-e-type=\"container\" data-settings=\"{&quot;ekit_has_onepagescroll_dot&quot;:&quot;yes&quot;}\">\n\t\t\t\t\t<div class=\"e-con-inner\">\n\t\t\t\t<div class=\"elementor-element elementor-element-ecb3613 elementor-widget elementor-widget-heading\" data-id=\"ecb3613\" data-element_type=\"widget\" data-e-type=\"widget\" data-settings=\"{&quot;ekit_we_effect_on&quot;:&quot;none&quot;}\" data-widget_type=\"heading.default\">\n\t\t\t\t\t<h2 class=\"elementor-heading-title elementor-size-default\">\u00dcber uns<\/h2>\t\t\t\t<\/div>\n\t\t\t\t\t<\/div>\n\t\t\t\t<\/div>\n\t\t<div class=\"elementor-element elementor-element-1bc2dc7 e-flex e-con-boxed e-con e-parent\" data-id=\"1bc2dc7\" data-element_type=\"container\" data-e-type=\"container\" data-settings=\"{&quot;ekit_has_onepagescroll_dot&quot;:&quot;yes&quot;}\">\n\t\t\t\t\t<div class=\"e-con-inner\">\n\t\t<div class=\"elementor-element elementor-element-e74579d e-con-full e-flex e-con e-child\" data-id=\"e74579d\" data-element_type=\"container\" data-e-type=\"container\" data-settings=\"{&quot;ekit_has_onepagescroll_dot&quot;:&quot;yes&quot;}\">\n\t\t\t\t<div class=\"elementor-element elementor-element-1da33b5 elementor-widget elementor-widget-text-editor\" data-id=\"1da33b5\" data-element_type=\"widget\" data-e-type=\"widget\" data-settings=\"{&quot;ekit_we_effect_on&quot;:&quot;none&quot;}\" data-widget_type=\"text-editor.default\">\n\t\t\t\t\t\t\t\t\t<p>Bei Popmoneri dreht sich alles darum, ein unvergessliches Urlaubserlebnis auf Cura\u00e7ao zu schaffen. Was uns von anderen Vermietern unterscheidet? Unsere Gastfreundschaft, unser Engagement, den G\u00e4sten die beste Zeit ihres Urlaubs zu bereiten, und ein pers\u00f6nlicher Service, bei dem unsere Gastgeberin immer erreichbar ist. Popmoneri entstand aus der Begegnung von Popko und Virginia, angetrieben von Ehrgeiz und der \u00dcberzeugung, dass wir gemeinsam einen gro\u00dfen Erfolg erzielen k\u00f6nnen. Unsere Kernwerte drehen sich darum, einen optimalen, sorglosen Aufenthalt zu bieten, bei dem sich die G\u00e4ste willkommen und wie zu Hause f\u00fchlen. Von der Abholung vom Flughafen bis zur Organisation von sauberen Handt\u00fcchern und Babyartikeln nehmen wir Ihnen alle Sorgen ab.<\/p>\t\t\t\t\t\t\t\t<\/div>\n\t\t\t\t<\/div>\n\t\t<div class=\"elementor-element elementor-element-171aaa5 e-con-full e-flex e-con e-child\" data-id=\"171aaa5\" data-element_type=\"container\" data-e-type=\"container\" data-settings=\"{&quot;ekit_has_onepagescroll_dot&quot;:&quot;yes&quot;}\">\n\t\t\t\t<div class=\"elementor-element elementor-element-80aa250 elementor-widget elementor-widget-image\" data-id=\"80aa250\" data-element_type=\"widget\" data-e-type=\"widget\" data-settings=\"{&quot;ekit_we_effect_on&quot;:&quot;none&quot;}\" data-widget_type=\"image.default\">\n\t\t\t\t\t\t\t\t\t\t\t\t\t\t\t<img fetchpriority=\"high\" decoding=\"async\" width=\"200\" height=\"300\" src=\"https:\/\/popmoneri.com\/wp-content\/uploads\/2025\/10\/pasted-image-wed-jul-09-2025-15-15-18-gmt-0400-bolivia-time-high-200x300.webp\" class=\"attachment-medium size-medium wp-image-1255\" alt=\"\" srcset=\"https:\/\/popmoneri.com\/wp-content\/uploads\/2025\/10\/pasted-image-wed-jul-09-2025-15-15-18-gmt-0400-bolivia-time-high-200x300.webp 200w, https:\/\/popmoneri.com\/wp-content\/uploads\/2025\/10\/pasted-image-wed-jul-09-2025-15-15-18-gmt-0400-bolivia-time-high-712x1068.webp 712w, https:\/\/popmoneri.com\/wp-content\/uploads\/2025\/10\/pasted-image-wed-jul-09-2025-15-15-18-gmt-0400-bolivia-time-high-683x1024.webp 683w, https:\/\/popmoneri.com\/wp-content\/uploads\/2025\/10\/pasted-image-wed-jul-09-2025-15-15-18-gmt-0400-bolivia-time-high-768x1152.webp 768w, https:\/\/popmoneri.com\/wp-content\/uploads\/2025\/10\/pasted-image-wed-jul-09-2025-15-15-18-gmt-0400-bolivia-time-high.webp 903w\" sizes=\"(max-width: 200px) 100vw, 200px\" \/>\t\t\t\t\t\t\t\t\t\t\t\t\t\t\t<\/div>\n\t\t\t\t<\/div>\n\t\t\t\t\t<\/div>\n\t\t\t\t<\/div>\n\t\t<div class=\"elementor-element elementor-element-65519c7 e-flex e-con-boxed e-con e-parent\" data-id=\"65519c7\" data-element_type=\"container\" data-e-type=\"container\" data-settings=\"{&quot;background_background&quot;:&quot;classic&quot;,&quot;ekit_has_onepagescroll_dot&quot;:&quot;yes&quot;}\">\n\t\t\t\t\t<div class=\"e-con-inner\">\n\t\t\t\t<div class=\"elementor-element elementor-element-82e166d elementor-widget elementor-widget-heading\" data-id=\"82e166d\" data-element_type=\"widget\" data-e-type=\"widget\" data-settings=\"{&quot;ekit_we_effect_on&quot;:&quot;none&quot;}\" data-widget_type=\"heading.default\">\n\t\t\t\t\t<h2 class=\"elementor-heading-title elementor-size-default\">Dein sorgloser Urlaub beginnt hier<\/h2>\t\t\t\t<\/div>\n\t\t\t\t<div class=\"elementor-element elementor-element-6857bc9 elementor-widget elementor-widget-text-editor\" data-id=\"6857bc9\" data-element_type=\"widget\" data-e-type=\"widget\" data-settings=\"{&quot;ekit_we_effect_on&quot;:&quot;none&quot;}\" data-widget_type=\"text-editor.default\">\n\t\t\t\t\t\t\t\t\t<p>Buchen Sie noch heute Ihren Aufenthalt bei Popmoneri und erleben Sie Cura\u00e7ao ohne Sorgen. Lassen Sie uns Ihren Urlaub mit unserem pers\u00f6nlichen Service und unserem Engagement f\u00fcr Ihren Komfort unvergesslich machen. Entdecken Sie die M\u00f6glichkeiten und f\u00fchlen Sie sich in Ihrem tempor\u00e4ren Zuhause willkommen!<\/p>\t\t\t\t\t\t\t\t<\/div>\n\t\t\t\t\t<\/div>\n\t\t\t\t<\/div>\n\t\t\t\t<\/div>\n\t\t","protected":false},"excerpt":{"rendered":"<p>\u00dcber uns Bei Popmoneri dreht sich alles darum, ein unvergessliches Urlaubserlebnis auf Cura\u00e7ao zu schaffen. Was uns von anderen Vermietern unterscheidet? Unsere Gastfreundschaft, unser Engagement, den G\u00e4sten die beste Zeit ihres Urlaubs zu bereiten, und ein pers\u00f6nlicher Service, bei dem unsere Gastgeberin immer erreichbar ist. Popmoneri entstand aus der Begegnung von Popko und Virginia, angetrieben [&hellip;]<\/p>\n","protected":false},"author":1,"featured_media":0,"parent":0,"menu_order":0,"comment_status":"closed","ping_status":"closed","template":"elementor_header_footer","meta":{"_angie_page":false,"_joinchat":[],"footnotes":""},"class_list":["post-1253","page","type-page","status-publish","hentry"],"yoast_head":"<!-- This site is optimized with the Yoast SEO Premium plugin v27.2 (Yoast SEO v27.4) - https:\/\/yoast.com\/product\/yoast-seo-premium-wordpress\/ -->\n<title>\u00dcber uns - Popmoneri<\/title>\n<meta name=\"robots\" content=\"index, follow, max-snippet:-1, max-image-preview:large, max-video-preview:-1\" \/>\n<link rel=\"canonical\" href=\"https:\/\/popmoneri.com\/de\/ueber-uns\/\" \/>\n<meta property=\"og:locale\" content=\"de_DE\" \/>\n<meta property=\"og:type\" content=\"article\" \/>\n<meta property=\"og:title\" content=\"\u00dcber uns\" \/>\n<meta property=\"og:description\" content=\"\u00dcber uns Bei Popmoneri dreht sich alles darum, ein unvergessliches Urlaubserlebnis auf Cura\u00e7ao zu schaffen. Was uns von anderen Vermietern unterscheidet? Unsere Gastfreundschaft, unser Engagement, den G\u00e4sten die beste Zeit ihres Urlaubs zu bereiten, und ein pers\u00f6nlicher Service, bei dem unsere Gastgeberin immer erreichbar ist. Popmoneri entstand aus der Begegnung von Popko und Virginia, angetrieben [&hellip;]\" \/>\n<meta property=\"og:url\" content=\"https:\/\/popmoneri.com\/de\/ueber-uns\/\" \/>\n<meta property=\"og:site_name\" content=\"Popmoneri\" \/>\n<meta property=\"article:publisher\" content=\"https:\/\/www.facebook.com\/p\/Popmoneri-Apartments-61579660805937\/\" \/>\n<meta property=\"article:modified_time\" content=\"2026-01-05T16:58:49+00:00\" \/>\n<meta property=\"og:image\" content=\"https:\/\/popmoneri.com\/wp-content\/uploads\/2025\/10\/pasted-image-wed-jul-09-2025-15-15-18-gmt-0400-bolivia-time-high-200x300.webp\" \/>\n<meta name=\"twitter:card\" content=\"summary_large_image\" \/>\n<meta name=\"twitter:label1\" content=\"Gesch\u00e4tzte Lesezeit\" \/>\n\t<meta name=\"twitter:data1\" content=\"1\u00a0Minute\" \/>\n<script type=\"application\/ld+json\" class=\"yoast-schema-graph\">{\"@context\":\"https:\\\/\\\/schema.org\",\"@graph\":[{\"@type\":\"WebPage\",\"@id\":\"https:\\\/\\\/popmoneri.com\\\/de\\\/ueber-uns\\\/\",\"url\":\"https:\\\/\\\/popmoneri.com\\\/de\\\/ueber-uns\\\/\",\"name\":\"\u00dcber uns - Popmoneri\",\"isPartOf\":{\"@id\":\"https:\\\/\\\/popmoneri.com\\\/de\\\/#website\"},\"primaryImageOfPage\":{\"@id\":\"https:\\\/\\\/popmoneri.com\\\/de\\\/ueber-uns\\\/#primaryimage\"},\"image\":{\"@id\":\"https:\\\/\\\/popmoneri.com\\\/de\\\/ueber-uns\\\/#primaryimage\"},\"thumbnailUrl\":\"https:\\\/\\\/popmoneri.com\\\/wp-content\\\/uploads\\\/2025\\\/10\\\/pasted-image-wed-jul-09-2025-15-15-18-gmt-0400-bolivia-time-high-200x300.webp\",\"datePublished\":\"2025-10-30T20:55:01+00:00\",\"dateModified\":\"2026-01-05T16:58:49+00:00\",\"breadcrumb\":{\"@id\":\"https:\\\/\\\/popmoneri.com\\\/de\\\/ueber-uns\\\/#breadcrumb\"},\"inLanguage\":\"de\",\"potentialAction\":[{\"@type\":\"ReadAction\",\"target\":[\"https:\\\/\\\/popmoneri.com\\\/de\\\/ueber-uns\\\/\"]}]},{\"@type\":\"ImageObject\",\"inLanguage\":\"de\",\"@id\":\"https:\\\/\\\/popmoneri.com\\\/de\\\/ueber-uns\\\/#primaryimage\",\"url\":\"https:\\\/\\\/popmoneri.com\\\/wp-content\\\/uploads\\\/2025\\\/10\\\/pasted-image-wed-jul-09-2025-15-15-18-gmt-0400-bolivia-time-high-200x300.webp\",\"contentUrl\":\"https:\\\/\\\/popmoneri.com\\\/wp-content\\\/uploads\\\/2025\\\/10\\\/pasted-image-wed-jul-09-2025-15-15-18-gmt-0400-bolivia-time-high-200x300.webp\"},{\"@type\":\"BreadcrumbList\",\"@id\":\"https:\\\/\\\/popmoneri.com\\\/de\\\/ueber-uns\\\/#breadcrumb\",\"itemListElement\":[{\"@type\":\"ListItem\",\"position\":1,\"name\":\"Startseite\",\"item\":\"https:\\\/\\\/popmoneri.com\\\/de\\\/startseite\\\/\"},{\"@type\":\"ListItem\",\"position\":2,\"name\":\"\u00dcber uns\"}]},{\"@type\":\"WebSite\",\"@id\":\"https:\\\/\\\/popmoneri.com\\\/de\\\/#website\",\"url\":\"https:\\\/\\\/popmoneri.com\\\/de\\\/\",\"name\":\"Popmoneri\",\"description\":\"Vakantieappartementen in Willemstad, Cura&ccedil;ao\",\"publisher\":{\"@id\":\"https:\\\/\\\/popmoneri.com\\\/de\\\/#organization\"},\"potentialAction\":[{\"@type\":\"SearchAction\",\"target\":{\"@type\":\"EntryPoint\",\"urlTemplate\":\"https:\\\/\\\/popmoneri.com\\\/de\\\/?s={search_term_string}\"},\"query-input\":{\"@type\":\"PropertyValueSpecification\",\"valueRequired\":true,\"valueName\":\"search_term_string\"}}],\"inLanguage\":\"de\"},{\"@type\":\"Organization\",\"@id\":\"https:\\\/\\\/popmoneri.com\\\/de\\\/#organization\",\"name\":\"Popmoneri Apartments\",\"url\":\"https:\\\/\\\/popmoneri.com\\\/de\\\/\",\"logo\":{\"@type\":\"ImageObject\",\"inLanguage\":\"de\",\"@id\":\"https:\\\/\\\/popmoneri.com\\\/de\\\/#\\\/schema\\\/logo\\\/image\\\/\",\"url\":\"https:\\\/\\\/popmoneri.com\\\/wp-content\\\/uploads\\\/2025\\\/10\\\/Popmoneri-Apartments-logo.webp\",\"contentUrl\":\"https:\\\/\\\/popmoneri.com\\\/wp-content\\\/uploads\\\/2025\\\/10\\\/Popmoneri-Apartments-logo.webp\",\"width\":145,\"height\":144,\"caption\":\"Popmoneri Apartments\"},\"image\":{\"@id\":\"https:\\\/\\\/popmoneri.com\\\/de\\\/#\\\/schema\\\/logo\\\/image\\\/\"},\"sameAs\":[\"https:\\\/\\\/www.facebook.com\\\/p\\\/Popmoneri-Apartments-61579660805937\\\/\"],\"description\":\"Popmoneri Apartments biedt comfortabele vakantieappartementen in Willemstad, Cura\u00e7ao. De appartementen zijn gelegen in het Winston Valley Resort en vormen een rustige uitvalsbasis voor een ontspannen vakantie op Cura\u00e7ao.\",\"email\":\"jolanthevisser@gmail.com\",\"telephone\":\"+59995146979\"}]}<\/script>\n<!-- \/ Yoast SEO Premium plugin. -->","yoast_head_json":{"title":"\u00dcber uns - Popmoneri","robots":{"index":"index","follow":"follow","max-snippet":"max-snippet:-1","max-image-preview":"max-image-preview:large","max-video-preview":"max-video-preview:-1"},"canonical":"https:\/\/popmoneri.com\/de\/ueber-uns\/","og_locale":"de_DE","og_type":"article","og_title":"\u00dcber uns","og_description":"\u00dcber uns Bei Popmoneri dreht sich alles darum, ein unvergessliches Urlaubserlebnis auf Cura\u00e7ao zu schaffen. Was uns von anderen Vermietern unterscheidet? Unsere Gastfreundschaft, unser Engagement, den G\u00e4sten die beste Zeit ihres Urlaubs zu bereiten, und ein pers\u00f6nlicher Service, bei dem unsere Gastgeberin immer erreichbar ist. Popmoneri entstand aus der Begegnung von Popko und Virginia, angetrieben [&hellip;]","og_url":"https:\/\/popmoneri.com\/de\/ueber-uns\/","og_site_name":"Popmoneri","article_publisher":"https:\/\/www.facebook.com\/p\/Popmoneri-Apartments-61579660805937\/","article_modified_time":"2026-01-05T16:58:49+00:00","og_image":[{"url":"https:\/\/popmoneri.com\/wp-content\/uploads\/2025\/10\/pasted-image-wed-jul-09-2025-15-15-18-gmt-0400-bolivia-time-high-200x300.webp","type":"","width":"","height":""}],"twitter_card":"summary_large_image","twitter_misc":{"Gesch\u00e4tzte Lesezeit":"1\u00a0Minute"},"schema":{"@context":"https:\/\/schema.org","@graph":[{"@type":"WebPage","@id":"https:\/\/popmoneri.com\/de\/ueber-uns\/","url":"https:\/\/popmoneri.com\/de\/ueber-uns\/","name":"\u00dcber uns - Popmoneri","isPartOf":{"@id":"https:\/\/popmoneri.com\/de\/#website"},"primaryImageOfPage":{"@id":"https:\/\/popmoneri.com\/de\/ueber-uns\/#primaryimage"},"image":{"@id":"https:\/\/popmoneri.com\/de\/ueber-uns\/#primaryimage"},"thumbnailUrl":"https:\/\/popmoneri.com\/wp-content\/uploads\/2025\/10\/pasted-image-wed-jul-09-2025-15-15-18-gmt-0400-bolivia-time-high-200x300.webp","datePublished":"2025-10-30T20:55:01+00:00","dateModified":"2026-01-05T16:58:49+00:00","breadcrumb":{"@id":"https:\/\/popmoneri.com\/de\/ueber-uns\/#breadcrumb"},"inLanguage":"de","potentialAction":[{"@type":"ReadAction","target":["https:\/\/popmoneri.com\/de\/ueber-uns\/"]}]},{"@type":"ImageObject","inLanguage":"de","@id":"https:\/\/popmoneri.com\/de\/ueber-uns\/#primaryimage","url":"https:\/\/popmoneri.com\/wp-content\/uploads\/2025\/10\/pasted-image-wed-jul-09-2025-15-15-18-gmt-0400-bolivia-time-high-200x300.webp","contentUrl":"https:\/\/popmoneri.com\/wp-content\/uploads\/2025\/10\/pasted-image-wed-jul-09-2025-15-15-18-gmt-0400-bolivia-time-high-200x300.webp"},{"@type":"BreadcrumbList","@id":"https:\/\/popmoneri.com\/de\/ueber-uns\/#breadcrumb","itemListElement":[{"@type":"ListItem","position":1,"name":"Startseite","item":"https:\/\/popmoneri.com\/de\/startseite\/"},{"@type":"ListItem","position":2,"name":"\u00dcber uns"}]},{"@type":"WebSite","@id":"https:\/\/popmoneri.com\/de\/#website","url":"https:\/\/popmoneri.com\/de\/","name":"Popmoneri","description":"Vakantieappartementen in Willemstad, Cura&ccedil;ao","publisher":{"@id":"https:\/\/popmoneri.com\/de\/#organization"},"potentialAction":[{"@type":"SearchAction","target":{"@type":"EntryPoint","urlTemplate":"https:\/\/popmoneri.com\/de\/?s={search_term_string}"},"query-input":{"@type":"PropertyValueSpecification","valueRequired":true,"valueName":"search_term_string"}}],"inLanguage":"de"},{"@type":"Organization","@id":"https:\/\/popmoneri.com\/de\/#organization","name":"Popmoneri Apartments","url":"https:\/\/popmoneri.com\/de\/","logo":{"@type":"ImageObject","inLanguage":"de","@id":"https:\/\/popmoneri.com\/de\/#\/schema\/logo\/image\/","url":"https:\/\/popmoneri.com\/wp-content\/uploads\/2025\/10\/Popmoneri-Apartments-logo.webp","contentUrl":"https:\/\/popmoneri.com\/wp-content\/uploads\/2025\/10\/Popmoneri-Apartments-logo.webp","width":145,"height":144,"caption":"Popmoneri Apartments"},"image":{"@id":"https:\/\/popmoneri.com\/de\/#\/schema\/logo\/image\/"},"sameAs":["https:\/\/www.facebook.com\/p\/Popmoneri-Apartments-61579660805937\/"],"description":"Popmoneri Apartments biedt comfortabele vakantieappartementen in Willemstad, Cura\u00e7ao. De appartementen zijn gelegen in het Winston Valley Resort en vormen een rustige uitvalsbasis voor een ontspannen vakantie op Cura\u00e7ao.","email":"jolanthevisser@gmail.com","telephone":"+59995146979"}]}},"_links":{"self":[{"href":"https:\/\/popmoneri.com\/de\/wp-json\/wp\/v2\/pages\/1253","targetHints":{"allow":["GET"]}}],"collection":[{"href":"https:\/\/popmoneri.com\/de\/wp-json\/wp\/v2\/pages"}],"about":[{"href":"https:\/\/popmoneri.com\/de\/wp-json\/wp\/v2\/types\/page"}],"author":[{"embeddable":true,"href":"https:\/\/popmoneri.com\/de\/wp-json\/wp\/v2\/users\/1"}],"replies":[{"embeddable":true,"href":"https:\/\/popmoneri.com\/de\/wp-json\/wp\/v2\/comments?post=1253"}],"version-history":[{"count":2,"href":"https:\/\/popmoneri.com\/de\/wp-json\/wp\/v2\/pages\/1253\/revisions"}],"predecessor-version":[{"id":1543,"href":"https:\/\/popmoneri.com\/de\/wp-json\/wp\/v2\/pages\/1253\/revisions\/1543"}],"wp:attachment":[{"href":"https:\/\/popmoneri.com\/de\/wp-json\/wp\/v2\/media?parent=1253"}],"curies":[{"name":"wp","href":"https:\/\/api.w.org\/{rel}","templated":true}]}}