{"id":1245,"date":"2025-10-30T20:58:59","date_gmt":"2025-10-30T20:58:59","guid":{"rendered":"https:\/\/popmoneri.com\/kontakt\/"},"modified":"2025-12-22T21:31:39","modified_gmt":"2025-12-22T21:31:39","slug":"kontakt","status":"publish","type":"page","link":"https:\/\/popmoneri.com\/de\/kontakt\/","title":{"rendered":"Kontakt"},"content":{"rendered":"\t\t<div data-elementor-type=\"wp-page\" data-elementor-id=\"1245\" class=\"elementor elementor-1245 elementor-288\" data-elementor-post-type=\"page\">\n\t\t\t\t<div class=\"elementor-element elementor-element-1a7e5f2 e-flex e-con-boxed e-con e-parent\" data-id=\"1a7e5f2\" data-element_type=\"container\" data-e-type=\"container\" data-settings=\"{&quot;ekit_has_onepagescroll_dot&quot;:&quot;yes&quot;}\">\n\t\t\t\t\t<div class=\"e-con-inner\">\n\t\t\t\t<div class=\"elementor-element elementor-element-c449283 elementor-widget elementor-widget-heading\" data-id=\"c449283\" data-element_type=\"widget\" data-e-type=\"widget\" data-settings=\"{&quot;ekit_we_effect_on&quot;:&quot;none&quot;}\" data-widget_type=\"heading.default\">\n\t\t\t\t\t<h1 class=\"elementor-heading-title elementor-size-default\">Kontaktiere uns<\/h1>\t\t\t\t<\/div>\n\t\t\t\t\t<\/div>\n\t\t\t\t<\/div>\n\t\t<div class=\"elementor-element elementor-element-c33e52b e-flex e-con-boxed e-con e-parent\" data-id=\"c33e52b\" data-element_type=\"container\" data-e-type=\"container\" data-settings=\"{&quot;ekit_has_onepagescroll_dot&quot;:&quot;yes&quot;}\">\n\t\t\t\t\t<div class=\"e-con-inner\">\n\t\t<div class=\"elementor-element elementor-element-e3b7b00 e-con-full e-flex e-con e-child\" data-id=\"e3b7b00\" data-element_type=\"container\" data-e-type=\"container\" data-settings=\"{&quot;ekit_has_onepagescroll_dot&quot;:&quot;yes&quot;}\">\n\t\t\t\t<div class=\"elementor-element elementor-element-dc422b6 elementor-widget elementor-widget-heading\" data-id=\"dc422b6\" data-element_type=\"widget\" data-e-type=\"widget\" data-settings=\"{&quot;ekit_we_effect_on&quot;:&quot;none&quot;}\" data-widget_type=\"heading.default\">\n\t\t\t\t\t<h2 class=\"elementor-heading-title elementor-size-default\">H\u00e4ufig gestellte Fragen\n<\/h2>\t\t\t\t<\/div>\n\t\t\t\t<div class=\"elementor-element elementor-element-e7edafb elementor-widget elementor-widget-text-editor\" data-id=\"e7edafb\" data-element_type=\"widget\" data-e-type=\"widget\" data-settings=\"{&quot;ekit_we_effect_on&quot;:&quot;none&quot;}\" data-widget_type=\"text-editor.default\">\n\t\t\t\t\t\t\t\t\t<p>Hast du eine Frage? Vielleicht findest du die Antwort unten: <\/p><p>Verf\u00fcgbarkeit? Sende uns eine E-Mail f\u00fcr die aktuelle Verf\u00fcgbarkeit.<br>Preise? Unsere Preise findest du \u00fcbersichtlich auf der Preisseite.  <\/p><p>Wir bem\u00fchen uns, deine E-Mail innerhalb eines Tages zu beantworten.<\/p>\t\t\t\t\t\t\t\t<\/div>\n\t\t\t\t<div class=\"elementor-element elementor-element-a5c124c elementor-widget elementor-widget-elementskit-accordion\" data-id=\"a5c124c\" data-element_type=\"widget\" data-e-type=\"widget\" data-settings=\"{&quot;ekit_we_effect_on&quot;:&quot;none&quot;}\" data-widget_type=\"elementskit-accordion.default\">\n\t\t\t\t\t<div class=\"ekit-wid-con\" >\n        <div class=\"elementskit-accordion accoedion-primary\" id=\"accordion-69e09c4ee5eb1\">\n\n            \n                <div class=\"elementskit-card active\">\n                    <div class=\"elementskit-card-header\" id=\"primaryHeading-0-a5c124c\">\n                        <a href=\"#collapse-cf70a2769e09c4ee5eb1\" class=\"ekit-accordion--toggler elementskit-btn-link collapsed\" data-ekit-toggle=\"collapse\" data-target=\"#Collapse-cf70a2769e09c4ee5eb1\" aria-expanded=\"true\" aria-controls=\"Collapse-cf70a2769e09c4ee5eb1\">\n                            \n                            <span class=\"ekit-accordion-title\">Verf\u00fcgbarkeit?<\/span>\n\n                            \n                                <div class=\"ekit_accordion_icon_group\">\n                                    <div class=\"ekit_accordion_normal_icon\">\n                                        <!-- Normal Icon -->\n\t\t\t\t\t\t\t\t\t\t<i class=\"icon icon-down-arrow1\"><\/i>                                    <\/div>\n\n                                    <div class=\"ekit_accordion_active_icon\">\n                                        <!-- Active Icon -->\n\t\t\t\t\t\t\t\t\t\t<i class=\"icon icon-up-arrow\"><\/i>                                    <\/div>\n                                <\/div>\n\n                            \n                                                    <\/a>\n                    <\/div>\n\n                    <div id=\"Collapse-cf70a2769e09c4ee5eb1\" class=\" show collapse\" aria-labelledby=\"primaryHeading-0-a5c124c\" data-parent=\"#accordion-69e09c4ee5eb1\">\n\n                        <div class=\"elementskit-card-body ekit-accordion--content\">\n                            <p>Sende uns eine E-Mail f\u00fcr die aktuelle Verf\u00fcgbarkeit.<\/p>\n                        <\/div>\n\n                    <\/div>\n\n                <\/div><!-- .elementskit-card END -->\n\n                \n                <div class=\"elementskit-card \">\n                    <div class=\"elementskit-card-header\" id=\"primaryHeading-1-a5c124c\">\n                        <a href=\"#collapse-4b14ea769e09c4ee5eb1\" class=\"ekit-accordion--toggler elementskit-btn-link collapsed\" data-ekit-toggle=\"collapse\" data-target=\"#Collapse-4b14ea769e09c4ee5eb1\" aria-expanded=\"false\" aria-controls=\"Collapse-4b14ea769e09c4ee5eb1\">\n                            \n                            <span class=\"ekit-accordion-title\">Preise? <\/span>\n\n                            \n                                <div class=\"ekit_accordion_icon_group\">\n                                    <div class=\"ekit_accordion_normal_icon\">\n                                        <!-- Normal Icon -->\n\t\t\t\t\t\t\t\t\t\t<i class=\"icon icon-down-arrow1\"><\/i>                                    <\/div>\n\n                                    <div class=\"ekit_accordion_active_icon\">\n                                        <!-- Active Icon -->\n\t\t\t\t\t\t\t\t\t\t<i class=\"icon icon-up-arrow\"><\/i>                                    <\/div>\n                                <\/div>\n\n                            \n                                                    <\/a>\n                    <\/div>\n\n                    <div id=\"Collapse-4b14ea769e09c4ee5eb1\" class=\" collapse\" aria-labelledby=\"primaryHeading-1-a5c124c\" data-parent=\"#accordion-69e09c4ee5eb1\">\n\n                        <div class=\"elementskit-card-body ekit-accordion--content\">\n                            <p>Unsere Preise findest du \u00fcbersichtlich auf der <a href=\"https:\/\/www.popmoneri.com\/prijzen\">Preise<\/a> Seite.<\/p>\n                        <\/div>\n\n                    <\/div>\n\n                <\/div><!-- .elementskit-card END -->\n\n                                        <\/div>\n    <\/div>\t\t\t\t<\/div>\n\t\t\t\t<\/div>\n\t\t<div class=\"elementor-element elementor-element-82a3c74 e-con-full e-flex e-con e-child\" data-id=\"82a3c74\" data-element_type=\"container\" data-e-type=\"container\" data-settings=\"{&quot;ekit_has_onepagescroll_dot&quot;:&quot;yes&quot;}\">\n\t\t\t\t<div class=\"elementor-element elementor-element-219d309 elementor-widget elementor-widget-image\" data-id=\"219d309\" data-element_type=\"widget\" data-e-type=\"widget\" data-settings=\"{&quot;ekit_we_effect_on&quot;:&quot;none&quot;}\" data-widget_type=\"image.default\">\n\t\t\t\t\t\t\t\t\t\t\t\t\t\t\t<img fetchpriority=\"high\" decoding=\"async\" width=\"532\" height=\"292\" src=\"https:\/\/popmoneri.com\/wp-content\/uploads\/2025\/10\/zwembad-high-t33ji8.webp\" class=\"attachment-large size-large wp-image-1201\" alt=\"\" srcset=\"https:\/\/popmoneri.com\/wp-content\/uploads\/2025\/10\/zwembad-high-t33ji8.webp 532w, https:\/\/popmoneri.com\/wp-content\/uploads\/2025\/10\/zwembad-high-t33ji8-300x165.webp 300w\" sizes=\"(max-width: 532px) 100vw, 532px\" \/>\t\t\t\t\t\t\t\t\t\t\t\t\t\t\t<\/div>\n\t\t\t\t<div class=\"elementor-element elementor-element-3dcaf8d elementor-widget elementor-widget-heading\" data-id=\"3dcaf8d\" data-element_type=\"widget\" data-e-type=\"widget\" data-settings=\"{&quot;ekit_we_effect_on&quot;:&quot;none&quot;}\" data-widget_type=\"heading.default\">\n\t\t\t\t\t<h2 class=\"elementor-heading-title elementor-size-default\">\n\n            \n                \n                    \n\n                    \n\n                    \n\n                    \n\n                    \n\n                    \n\n                    \n\n                    \n\n                \n                \n                    \n\n                \n                \n                    \n\n                \n                \n                    \n\n                \n            \n        \nStandort\n<\/h2>\t\t\t\t<\/div>\n\t\t\t\t<div class=\"elementor-element elementor-element-cb5578f elementor-widget elementor-widget-text-editor\" data-id=\"cb5578f\" data-element_type=\"widget\" data-e-type=\"widget\" data-settings=\"{&quot;ekit_we_effect_on&quot;:&quot;none&quot;}\" data-widget_type=\"text-editor.default\">\n\t\t\t\t\t\t\t\t\tWinston Valley Resort Blok A. 88 A t\/m E Willemstad, Cura\u00e7ao\t\t\t\t\t\t\t\t<\/div>\n\t\t\t\t<\/div>\n\t\t\t\t<div class=\"elementor-element elementor-element-d59fb54 elementor-widget elementor-widget-google_maps\" data-id=\"d59fb54\" data-element_type=\"widget\" data-e-type=\"widget\" data-settings=\"{&quot;ekit_we_effect_on&quot;:&quot;none&quot;}\" data-widget_type=\"google_maps.default\">\n\t\t\t\t\t\t\t<div class=\"elementor-custom-embed\">\n\t\t\t<iframe loading=\"lazy\"\n\t\t\t\t\tsrc=\"https:\/\/maps.google.com\/maps?q=Winston%20Valley%20resort%20Blok%20A.%2088%20A%20t%2Fm%20E%20Willemstad%2C%20Cura%C3%A7ao&#038;t=m&#038;z=15&#038;output=embed&#038;iwloc=near\"\n\t\t\t\t\ttitle=\"Winston Valley resort Blok A. 88 A t\/m E Willemstad, Cura\u00e7ao\"\n\t\t\t\t\taria-label=\"Winston Valley resort Blok A. 88 A t\/m E Willemstad, Cura\u00e7ao\"\n\t\t\t><\/iframe>\n\t\t<\/div>\n\t\t\t\t\t\t<\/div>\n\t\t<div class=\"elementor-element elementor-element-995abe5 e-con-full e-flex e-con e-child\" data-id=\"995abe5\" data-element_type=\"container\" data-e-type=\"container\" data-settings=\"{&quot;ekit_has_onepagescroll_dot&quot;:&quot;yes&quot;}\">\n\t\t\t\t<\/div>\n\t\t\t\t\t<\/div>\n\t\t\t\t<\/div>\n\t\t<div class=\"elementor-element elementor-element-cf125e7 e-flex e-con-boxed e-con e-parent\" data-id=\"cf125e7\" data-element_type=\"container\" data-e-type=\"container\" data-settings=\"{&quot;ekit_has_onepagescroll_dot&quot;:&quot;yes&quot;}\">\n\t\t\t\t\t<div class=\"e-con-inner\">\n\t\t\t\t<div class=\"elementor-element elementor-element-405742b elementor-button-align-stretch elementor-widget elementor-widget-form\" data-id=\"405742b\" data-element_type=\"widget\" data-e-type=\"widget\" data-settings=\"{&quot;step_next_label&quot;:&quot;Weiter&quot;,&quot;step_previous_label&quot;:&quot;Zur\\u00fcck&quot;,&quot;button_width&quot;:&quot;100&quot;,&quot;step_type&quot;:&quot;number_text&quot;,&quot;step_icon_shape&quot;:&quot;circle&quot;,&quot;ekit_we_effect_on&quot;:&quot;none&quot;}\" data-widget_type=\"form.default\">\n\t\t\t\t\t\t\t<form class=\"elementor-form\" method=\"post\" name=\"Neues Formular\" aria-label=\"Neues Formular\">\n\t\t\t<input type=\"hidden\" name=\"post_id\" value=\"1245\"\/>\n\t\t\t<input type=\"hidden\" name=\"form_id\" value=\"405742b\"\/>\n\t\t\t<input type=\"hidden\" name=\"referer_title\" value=\"Kontakt - Popmoneri\" \/>\n\n\t\t\t\t\t\t\t<input type=\"hidden\" name=\"queried_id\" value=\"1245\"\/>\n\t\t\t\n\t\t\t<div class=\"elementor-form-fields-wrapper elementor-labels-above\">\n\t\t\t\t\t\t\t\t<div class=\"elementor-field-type-text elementor-field-group elementor-column elementor-field-group-name elementor-col-100\">\n\t\t\t\t\t\t\t\t\t\t\t\t<label for=\"form-field-name\" class=\"elementor-field-label\">\n\t\t\t\t\t\t\t\tName\t\t\t\t\t\t\t<\/label>\n\t\t\t\t\t\t\t\t\t\t\t\t\t\t<input size=\"1\" type=\"text\" name=\"form_fields[name]\" id=\"form-field-name\" class=\"elementor-field elementor-size-sm  elementor-field-textual\" placeholder=\"Name\">\n\t\t\t\t\t\t\t\t\t\t\t<\/div>\n\t\t\t\t\t\t\t\t<div class=\"elementor-field-type-email elementor-field-group elementor-column elementor-field-group-email elementor-col-100 elementor-field-required\">\n\t\t\t\t\t\t\t\t\t\t\t\t<label for=\"form-field-email\" class=\"elementor-field-label\">\n\t\t\t\t\t\t\t\tE-Mail\t\t\t\t\t\t\t<\/label>\n\t\t\t\t\t\t\t\t\t\t\t\t\t\t<input size=\"1\" type=\"email\" name=\"form_fields[email]\" id=\"form-field-email\" class=\"elementor-field elementor-size-sm  elementor-field-textual\" placeholder=\"E-Mail\" required=\"required\">\n\t\t\t\t\t\t\t\t\t\t\t<\/div>\n\t\t\t\t\t\t\t\t<div class=\"elementor-field-type-textarea elementor-field-group elementor-column elementor-field-group-message elementor-col-100\">\n\t\t\t\t\t\t\t\t\t\t\t\t<label for=\"form-field-message\" class=\"elementor-field-label\">\n\t\t\t\t\t\t\t\tNachricht\t\t\t\t\t\t\t<\/label>\n\t\t\t\t\t\t<textarea class=\"elementor-field-textual elementor-field  elementor-size-sm\" name=\"form_fields[message]\" id=\"form-field-message\" rows=\"4\" placeholder=\"Nachricht\"><\/textarea>\t\t\t\t<\/div>\n\t\t\t\t\t\t\t\t<div class=\"elementor-field-group elementor-column elementor-field-type-submit elementor-col-100 e-form__buttons\">\n\t\t\t\t\t<button class=\"elementor-button elementor-size-sm\" type=\"submit\">\n\t\t\t\t\t\t<span class=\"elementor-button-content-wrapper\">\n\t\t\t\t\t\t\t\t\t\t\t\t\t\t\t\t\t\t\t\t\t\t<span class=\"elementor-button-text\">Senden<\/span>\n\t\t\t\t\t\t\t\t\t\t\t\t\t<\/span>\n\t\t\t\t\t<\/button>\n\t\t\t\t<\/div>\n\t\t\t<\/div>\n\t\t<\/form>\n\t\t\t\t\t\t<\/div>\n\t\t\t\t\t<\/div>\n\t\t\t\t<\/div>\n\t\t\t\t<\/div>\n\t\t","protected":false},"excerpt":{"rendered":"<p>Kontaktiere uns H\u00e4ufig gestellte Fragen Haben Sie eine Frage? Vielleicht finden Sie die Antwort unten: Verf\u00fcgbarkeit? Senden Sie uns eine E-Mail f\u00fcr die aktuelle Verf\u00fcgbarkeit.Preise? Unsere Preise finden Sie \u00fcbersichtlich auf der Preisseite. Wir bem\u00fchen uns, deine E-Mail innerhalb eines Tages zu beantworten. Verf\u00fcgbarkeit? Sende uns eine E-Mail f\u00fcr die aktuelle Verf\u00fcgbarkeit. Preise? Unsere Preise [&hellip;]<\/p>\n","protected":false},"author":1,"featured_media":0,"parent":0,"menu_order":0,"comment_status":"closed","ping_status":"closed","template":"elementor_header_footer","meta":{"_angie_page":false,"_joinchat":[],"footnotes":""},"class_list":["post-1245","page","type-page","status-publish","hentry"],"yoast_head":"<!-- This site is optimized with the Yoast SEO Premium plugin v27.2 (Yoast SEO v27.4) - https:\/\/yoast.com\/product\/yoast-seo-premium-wordpress\/ -->\n<title>Kontakt - Popmoneri<\/title>\n<meta name=\"robots\" content=\"index, follow, max-snippet:-1, max-image-preview:large, max-video-preview:-1\" \/>\n<link rel=\"canonical\" href=\"https:\/\/popmoneri.com\/de\/kontakt\/\" \/>\n<meta property=\"og:locale\" content=\"de_DE\" \/>\n<meta property=\"og:type\" content=\"article\" \/>\n<meta property=\"og:title\" content=\"Kontakt\" \/>\n<meta property=\"og:description\" content=\"Kontaktiere uns H\u00e4ufig gestellte Fragen Haben Sie eine Frage? Vielleicht finden Sie die Antwort unten: Verf\u00fcgbarkeit? Senden Sie uns eine E-Mail f\u00fcr die aktuelle Verf\u00fcgbarkeit.Preise? Unsere Preise finden Sie \u00fcbersichtlich auf der Preisseite. Wir bem\u00fchen uns, deine E-Mail innerhalb eines Tages zu beantworten. Verf\u00fcgbarkeit? Sende uns eine E-Mail f\u00fcr die aktuelle Verf\u00fcgbarkeit. Preise? Unsere Preise [&hellip;]\" \/>\n<meta property=\"og:url\" content=\"https:\/\/popmoneri.com\/de\/kontakt\/\" \/>\n<meta property=\"og:site_name\" content=\"Popmoneri\" \/>\n<meta property=\"article:publisher\" content=\"https:\/\/www.facebook.com\/p\/Popmoneri-Apartments-61579660805937\/\" \/>\n<meta property=\"article:modified_time\" content=\"2025-12-22T21:31:39+00:00\" \/>\n<meta property=\"og:image\" content=\"https:\/\/popmoneri.com\/wp-content\/uploads\/2025\/10\/zwembad-high-t33ji8.webp\" \/>\n<meta name=\"twitter:card\" content=\"summary_large_image\" \/>\n<script type=\"application\/ld+json\" class=\"yoast-schema-graph\">{\"@context\":\"https:\\\/\\\/schema.org\",\"@graph\":[{\"@type\":\"WebPage\",\"@id\":\"https:\\\/\\\/popmoneri.com\\\/de\\\/kontakt\\\/\",\"url\":\"https:\\\/\\\/popmoneri.com\\\/de\\\/kontakt\\\/\",\"name\":\"Kontakt - Popmoneri\",\"isPartOf\":{\"@id\":\"https:\\\/\\\/popmoneri.com\\\/de\\\/#website\"},\"primaryImageOfPage\":{\"@id\":\"https:\\\/\\\/popmoneri.com\\\/de\\\/kontakt\\\/#primaryimage\"},\"image\":{\"@id\":\"https:\\\/\\\/popmoneri.com\\\/de\\\/kontakt\\\/#primaryimage\"},\"thumbnailUrl\":\"https:\\\/\\\/popmoneri.com\\\/wp-content\\\/uploads\\\/2025\\\/10\\\/zwembad-high-t33ji8.webp\",\"datePublished\":\"2025-10-30T20:58:59+00:00\",\"dateModified\":\"2025-12-22T21:31:39+00:00\",\"breadcrumb\":{\"@id\":\"https:\\\/\\\/popmoneri.com\\\/de\\\/kontakt\\\/#breadcrumb\"},\"inLanguage\":\"de\",\"potentialAction\":[{\"@type\":\"ReadAction\",\"target\":[\"https:\\\/\\\/popmoneri.com\\\/de\\\/kontakt\\\/\"]}]},{\"@type\":\"ImageObject\",\"inLanguage\":\"de\",\"@id\":\"https:\\\/\\\/popmoneri.com\\\/de\\\/kontakt\\\/#primaryimage\",\"url\":\"https:\\\/\\\/popmoneri.com\\\/wp-content\\\/uploads\\\/2025\\\/10\\\/zwembad-high-t33ji8.webp\",\"contentUrl\":\"https:\\\/\\\/popmoneri.com\\\/wp-content\\\/uploads\\\/2025\\\/10\\\/zwembad-high-t33ji8.webp\"},{\"@type\":\"BreadcrumbList\",\"@id\":\"https:\\\/\\\/popmoneri.com\\\/de\\\/kontakt\\\/#breadcrumb\",\"itemListElement\":[{\"@type\":\"ListItem\",\"position\":1,\"name\":\"Startseite\",\"item\":\"https:\\\/\\\/popmoneri.com\\\/de\\\/startseite\\\/\"},{\"@type\":\"ListItem\",\"position\":2,\"name\":\"Kontakt\"}]},{\"@type\":\"WebSite\",\"@id\":\"https:\\\/\\\/popmoneri.com\\\/de\\\/#website\",\"url\":\"https:\\\/\\\/popmoneri.com\\\/de\\\/\",\"name\":\"Popmoneri\",\"description\":\"Vakantieappartementen in Willemstad, Cura&ccedil;ao\",\"publisher\":{\"@id\":\"https:\\\/\\\/popmoneri.com\\\/de\\\/#organization\"},\"potentialAction\":[{\"@type\":\"SearchAction\",\"target\":{\"@type\":\"EntryPoint\",\"urlTemplate\":\"https:\\\/\\\/popmoneri.com\\\/de\\\/?s={search_term_string}\"},\"query-input\":{\"@type\":\"PropertyValueSpecification\",\"valueRequired\":true,\"valueName\":\"search_term_string\"}}],\"inLanguage\":\"de\"},{\"@type\":\"Organization\",\"@id\":\"https:\\\/\\\/popmoneri.com\\\/de\\\/#organization\",\"name\":\"Popmoneri Apartments\",\"url\":\"https:\\\/\\\/popmoneri.com\\\/de\\\/\",\"logo\":{\"@type\":\"ImageObject\",\"inLanguage\":\"de\",\"@id\":\"https:\\\/\\\/popmoneri.com\\\/de\\\/#\\\/schema\\\/logo\\\/image\\\/\",\"url\":\"https:\\\/\\\/popmoneri.com\\\/wp-content\\\/uploads\\\/2025\\\/10\\\/Popmoneri-Apartments-logo.webp\",\"contentUrl\":\"https:\\\/\\\/popmoneri.com\\\/wp-content\\\/uploads\\\/2025\\\/10\\\/Popmoneri-Apartments-logo.webp\",\"width\":145,\"height\":144,\"caption\":\"Popmoneri Apartments\"},\"image\":{\"@id\":\"https:\\\/\\\/popmoneri.com\\\/de\\\/#\\\/schema\\\/logo\\\/image\\\/\"},\"sameAs\":[\"https:\\\/\\\/www.facebook.com\\\/p\\\/Popmoneri-Apartments-61579660805937\\\/\"],\"description\":\"Popmoneri Apartments biedt comfortabele vakantieappartementen in Willemstad, Cura\u00e7ao. De appartementen zijn gelegen in het Winston Valley Resort en vormen een rustige uitvalsbasis voor een ontspannen vakantie op Cura\u00e7ao.\",\"email\":\"jolanthevisser@gmail.com\",\"telephone\":\"+59995146979\"}]}<\/script>\n<!-- \/ Yoast SEO Premium plugin. -->","yoast_head_json":{"title":"Kontakt - Popmoneri","robots":{"index":"index","follow":"follow","max-snippet":"max-snippet:-1","max-image-preview":"max-image-preview:large","max-video-preview":"max-video-preview:-1"},"canonical":"https:\/\/popmoneri.com\/de\/kontakt\/","og_locale":"de_DE","og_type":"article","og_title":"Kontakt","og_description":"Kontaktiere uns H\u00e4ufig gestellte Fragen Haben Sie eine Frage? Vielleicht finden Sie die Antwort unten: Verf\u00fcgbarkeit? Senden Sie uns eine E-Mail f\u00fcr die aktuelle Verf\u00fcgbarkeit.Preise? Unsere Preise finden Sie \u00fcbersichtlich auf der Preisseite. Wir bem\u00fchen uns, deine E-Mail innerhalb eines Tages zu beantworten. Verf\u00fcgbarkeit? Sende uns eine E-Mail f\u00fcr die aktuelle Verf\u00fcgbarkeit. Preise? Unsere Preise [&hellip;]","og_url":"https:\/\/popmoneri.com\/de\/kontakt\/","og_site_name":"Popmoneri","article_publisher":"https:\/\/www.facebook.com\/p\/Popmoneri-Apartments-61579660805937\/","article_modified_time":"2025-12-22T21:31:39+00:00","og_image":[{"url":"https:\/\/popmoneri.com\/wp-content\/uploads\/2025\/10\/zwembad-high-t33ji8.webp","type":"","width":"","height":""}],"twitter_card":"summary_large_image","schema":{"@context":"https:\/\/schema.org","@graph":[{"@type":"WebPage","@id":"https:\/\/popmoneri.com\/de\/kontakt\/","url":"https:\/\/popmoneri.com\/de\/kontakt\/","name":"Kontakt - Popmoneri","isPartOf":{"@id":"https:\/\/popmoneri.com\/de\/#website"},"primaryImageOfPage":{"@id":"https:\/\/popmoneri.com\/de\/kontakt\/#primaryimage"},"image":{"@id":"https:\/\/popmoneri.com\/de\/kontakt\/#primaryimage"},"thumbnailUrl":"https:\/\/popmoneri.com\/wp-content\/uploads\/2025\/10\/zwembad-high-t33ji8.webp","datePublished":"2025-10-30T20:58:59+00:00","dateModified":"2025-12-22T21:31:39+00:00","breadcrumb":{"@id":"https:\/\/popmoneri.com\/de\/kontakt\/#breadcrumb"},"inLanguage":"de","potentialAction":[{"@type":"ReadAction","target":["https:\/\/popmoneri.com\/de\/kontakt\/"]}]},{"@type":"ImageObject","inLanguage":"de","@id":"https:\/\/popmoneri.com\/de\/kontakt\/#primaryimage","url":"https:\/\/popmoneri.com\/wp-content\/uploads\/2025\/10\/zwembad-high-t33ji8.webp","contentUrl":"https:\/\/popmoneri.com\/wp-content\/uploads\/2025\/10\/zwembad-high-t33ji8.webp"},{"@type":"BreadcrumbList","@id":"https:\/\/popmoneri.com\/de\/kontakt\/#breadcrumb","itemListElement":[{"@type":"ListItem","position":1,"name":"Startseite","item":"https:\/\/popmoneri.com\/de\/startseite\/"},{"@type":"ListItem","position":2,"name":"Kontakt"}]},{"@type":"WebSite","@id":"https:\/\/popmoneri.com\/de\/#website","url":"https:\/\/popmoneri.com\/de\/","name":"Popmoneri","description":"Vakantieappartementen in Willemstad, Cura&ccedil;ao","publisher":{"@id":"https:\/\/popmoneri.com\/de\/#organization"},"potentialAction":[{"@type":"SearchAction","target":{"@type":"EntryPoint","urlTemplate":"https:\/\/popmoneri.com\/de\/?s={search_term_string}"},"query-input":{"@type":"PropertyValueSpecification","valueRequired":true,"valueName":"search_term_string"}}],"inLanguage":"de"},{"@type":"Organization","@id":"https:\/\/popmoneri.com\/de\/#organization","name":"Popmoneri Apartments","url":"https:\/\/popmoneri.com\/de\/","logo":{"@type":"ImageObject","inLanguage":"de","@id":"https:\/\/popmoneri.com\/de\/#\/schema\/logo\/image\/","url":"https:\/\/popmoneri.com\/wp-content\/uploads\/2025\/10\/Popmoneri-Apartments-logo.webp","contentUrl":"https:\/\/popmoneri.com\/wp-content\/uploads\/2025\/10\/Popmoneri-Apartments-logo.webp","width":145,"height":144,"caption":"Popmoneri Apartments"},"image":{"@id":"https:\/\/popmoneri.com\/de\/#\/schema\/logo\/image\/"},"sameAs":["https:\/\/www.facebook.com\/p\/Popmoneri-Apartments-61579660805937\/"],"description":"Popmoneri Apartments biedt comfortabele vakantieappartementen in Willemstad, Cura\u00e7ao. De appartementen zijn gelegen in het Winston Valley Resort en vormen een rustige uitvalsbasis voor een ontspannen vakantie op Cura\u00e7ao.","email":"jolanthevisser@gmail.com","telephone":"+59995146979"}]}},"_links":{"self":[{"href":"https:\/\/popmoneri.com\/de\/wp-json\/wp\/v2\/pages\/1245","targetHints":{"allow":["GET"]}}],"collection":[{"href":"https:\/\/popmoneri.com\/de\/wp-json\/wp\/v2\/pages"}],"about":[{"href":"https:\/\/popmoneri.com\/de\/wp-json\/wp\/v2\/types\/page"}],"author":[{"embeddable":true,"href":"https:\/\/popmoneri.com\/de\/wp-json\/wp\/v2\/users\/1"}],"replies":[{"embeddable":true,"href":"https:\/\/popmoneri.com\/de\/wp-json\/wp\/v2\/comments?post=1245"}],"version-history":[{"count":6,"href":"https:\/\/popmoneri.com\/de\/wp-json\/wp\/v2\/pages\/1245\/revisions"}],"predecessor-version":[{"id":1340,"href":"https:\/\/popmoneri.com\/de\/wp-json\/wp\/v2\/pages\/1245\/revisions\/1340"}],"wp:attachment":[{"href":"https:\/\/popmoneri.com\/de\/wp-json\/wp\/v2\/media?parent=1245"}],"curies":[{"name":"wp","href":"https:\/\/api.w.org\/{rel}","templated":true}]}}